{"id":12787,"date":"2022-12-20T15:38:49","date_gmt":"2022-12-20T14:38:49","guid":{"rendered":"https:\/\/handinhand.at\/?page_id=12787"},"modified":"2024-06-17T08:51:55","modified_gmt":"2024-06-17T06:51:55","slug":"sponsorship","status":"publish","type":"page","link":"https:\/\/handinhand.at\/pl\/sponsorship\/","title":{"rendered":"Sponsorship"},"content":{"rendered":"<p>[et_pb_section fb_built=&#8221;1&#8243; custom_padding_last_edited=&#8221;on|desktop&#8221; module_class=&#8221;flex hih-header&#8221; _builder_version=&#8221;4.19.4&#8243; _module_preset=&#8221;default&#8221; background_color=&#8221;#6A88C4&#8243; background_image=&#8221;https:\/\/handinhand.at\/wp-content\/uploads\/2022\/12\/Kopie-van-Copy-of-_07A0624.jpg&#8221; background_position=&#8221;top_right&#8221; background_vertical_offset=&#8221;24%&#8221; width=&#8221;100%&#8221; max_width=&#8221;100%&#8221; min_height=&#8221;600px&#8221; min_height_tablet=&#8221;&#8221; min_height_phone=&#8221;0px&#8221; min_height_last_edited=&#8221;on|tablet&#8221; custom_margin=&#8221;||||false|false&#8221; custom_padding=&#8221;||||false|false&#8221; custom_padding_tablet=&#8221;0px||||false|false&#8221; custom_padding_phone=&#8221;0px||0px||false|false&#8221; background_last_edited=&#8221;on|desktop&#8221; background_enable_image_tablet=&#8221;off&#8221; background_enable_image_phone=&#8221;off&#8221; saved_tabs=&#8221;all&#8221; global_colors_info=&#8221;{}&#8221;][et_pb_row _builder_version=&#8221;4.19.3&#8243; _module_preset=&#8221;default&#8221; positioning=&#8221;absolute&#8221; vertical_offset=&#8221;75px&#8221; horizontal_offset=&#8221;75px&#8221; vertical_offset_tablet=&#8221;0px&#8221; vertical_offset_phone=&#8221;0px&#8221; vertical_offset_last_edited=&#8221;on|tablet&#8221; horizontal_offset_tablet=&#8221;0px&#8221; horizontal_offset_phone=&#8221;0px&#8221; horizontal_offset_last_edited=&#8221;on|desktop&#8221; position_origin_a_tablet=&#8221;&#8221; position_origin_a_phone=&#8221;&#8221; position_origin_a_last_edited=&#8221;on|desktop&#8221; position_origin_f_tablet=&#8221;&#8221; position_origin_f_phone=&#8221;&#8221; position_origin_f_last_edited=&#8221;on|desktop&#8221; position_origin_r_tablet=&#8221;&#8221; position_origin_r_phone=&#8221;&#8221; position_origin_r_last_edited=&#8221;on|desktop&#8221; width=&#8221;100%&#8221; max_width=&#8221;100px&#8221; max_width_tablet=&#8221;100%&#8221; max_width_phone=&#8221;100%&#8221; max_width_last_edited=&#8221;on|tablet&#8221; custom_margin=&#8221;||||false|false&#8221; custom_margin_tablet=&#8221;|0px||0px|false|true&#8221; custom_margin_phone=&#8221;|0px||0px|false|true&#8221; custom_margin_last_edited=&#8221;on|tablet&#8221; custom_padding=&#8221;0px|0px||0px|false|true&#8221; positioning_tablet=&#8221;relative&#8221; positioning_phone=&#8221;relative&#8221; positioning_last_edited=&#8221;on|desktop&#8221; global_colors_info=&#8221;{}&#8221;][et_pb_column type=&#8221;4_4&#8243; _builder_version=&#8221;4.19.3&#8243; _module_preset=&#8221;default&#8221; global_colors_info=&#8221;{}&#8221;][et_pb_image src=&#8221;https:\/\/handinhand.at\/wp-content\/uploads\/2022\/12\/naamloos-0624.jpg&#8221; title_text=&#8221;naamloos-0624&#8243; force_fullwidth=&#8221;on&#8221; disabled_on=&#8221;off|off|on&#8221; _builder_version=&#8221;4.19.3&#8243; _module_preset=&#8221;default&#8221; global_colors_info=&#8221;{}&#8221;][\/et_pb_image][\/et_pb_column][\/et_pb_row][et_pb_row column_structure=&#8221;1_2,1_2&#8243; custom_padding_last_edited=&#8221;on|tablet&#8221; _builder_version=&#8221;4.19.3&#8243; _module_preset=&#8221;default&#8221; width=&#8221;82%&#8221; max_width=&#8221;1280px&#8221; custom_padding=&#8221;100px||100px||true|false&#8221; custom_padding_tablet=&#8221;0px||0px||true|false&#8221; custom_padding_phone=&#8221;&#8221; global_colors_info=&#8221;{}&#8221;][et_pb_column type=&#8221;1_2&#8243; _builder_version=&#8221;4.18.0&#8243; _module_preset=&#8221;default&#8221; global_colors_info=&#8221;{}&#8221;][et_pb_text _builder_version=&#8221;4.25.0&#8243; _module_preset=&#8221;default&#8221; text_font=&#8221;||||||||&#8221; text_font_size=&#8221;20px&#8221; transform_rotate=&#8221;0deg|0deg|355deg&#8221; background_layout=&#8221;dark&#8221; custom_margin=&#8221;||||false|false&#8221; hover_enabled=&#8221;0&#8243; text_orientation_tablet=&#8221;center&#8221; text_orientation_phone=&#8221;center&#8221; text_orientation_last_edited=&#8221;on|tablet&#8221; header_text_shadow_style=&#8221;preset3&#8243; global_colors_info=&#8221;{}&#8221; sticky_enabled=&#8221;0&#8243;]<\/p>\n<h1><span style=\"font-family: Manus Smooth_TRIAL;\"><span style=\"font-size: 80px; font-weight: 500;\">Sponsoring<\/span><\/span><\/h1>\n<p>[\/et_pb_text][\/et_pb_column][et_pb_column type=&#8221;1_2&#8243; _builder_version=&#8221;4.18.0&#8243; _module_preset=&#8221;default&#8221; global_colors_info=&#8221;{}&#8221;][\/et_pb_column][\/et_pb_row][\/et_pb_section][et_pb_section fb_built=&#8221;1&#8243; module_class=&#8221;hih-quote&#8221; _builder_version=&#8221;4.19.3&#8243; _module_preset=&#8221;default&#8221; global_colors_info=&#8221;{}&#8221;][et_pb_row _builder_version=&#8221;4.19.3&#8243; _module_preset=&#8221;default&#8221; module_alignment=&#8221;center&#8221; custom_padding=&#8221;||0px|||&#8221; global_colors_info=&#8221;{}&#8221;][et_pb_column type=&#8221;4_4&#8243; _builder_version=&#8221;4.18.0&#8243; _module_preset=&#8221;default&#8221; global_colors_info=&#8221;{}&#8221;][et_pb_text _builder_version=&#8221;4.25.0&#8243; _module_preset=&#8221;default&#8221; text_font=&#8221;||||||||&#8221; text_text_color=&#8221;#6A88C4&#8243; header_text_align=&#8221;right&#8221; header_text_color=&#8221;#6A88C4&#8243; header_2_text_color=&#8221;#F7A824&#8243; header_2_line_height=&#8221;1.5em&#8221; header_5_font=&#8221;||on||||||&#8221; header_5_font_size=&#8221;15px&#8221; background_color=&#8221;#FFFFFF&#8221; custom_margin=&#8221;||||false|false&#8221; custom_margin_tablet=&#8221;||0px||false|false&#8221; custom_margin_phone=&#8221;||0px||false|false&#8221; custom_margin_last_edited=&#8221;on|tablet&#8221; text_orientation_tablet=&#8221;center&#8221; text_orientation_phone=&#8221;center&#8221; text_orientation_last_edited=&#8221;on|tablet&#8221; global_colors_info=&#8221;{}&#8221;]<\/p>\n<h2><em>Nie ma wielkich odkry\u0107 i post\u0119p\u00f3w <\/em><\/h2>\n<p>[\/et_pb_text][et_pb_text _builder_version=&#8221;4.25.0&#8243; _module_preset=&#8221;default&#8221; text_font=&#8221;||||||||&#8221; text_text_color=&#8221;#6A88C4&#8243; header_font=&#8221;Abel||||||||&#8221; header_text_align=&#8221;right&#8221; header_text_color=&#8221;#6A88C4&#8243; header_2_text_color=&#8221;#F7A824&#8243; header_2_line_height=&#8221;1.5em&#8221; header_5_font=&#8221;||on||||||&#8221; header_5_font_size=&#8221;15px&#8221; background_color=&#8221;#FFFFFF&#8221; text_orientation=&#8221;right&#8221; custom_margin=&#8221;||||false|false&#8221; custom_margin_tablet=&#8221;||0px||false|false&#8221; custom_margin_phone=&#8221;||0px||false|false&#8221; custom_margin_last_edited=&#8221;on|tablet&#8221; text_orientation_tablet=&#8221;center&#8221; text_orientation_phone=&#8221;center&#8221; text_orientation_last_edited=&#8221;on|tablet&#8221; global_colors_info=&#8221;{}&#8221;]<\/p>\n<h2><em>tak d\u0142ugo, jak d\u0142ugo na ziemi<\/em><\/h2>\n<p>[\/et_pb_text][et_pb_text _builder_version=&#8221;4.25.0&#8243; _module_preset=&#8221;default&#8221; text_font=&#8221;||||||||&#8221; text_text_color=&#8221;#6A88C4&#8243; header_font=&#8221;Abel||||||||&#8221; header_text_align=&#8221;right&#8221; header_text_color=&#8221;#6A88C4&#8243; header_2_text_color=&#8221;#F7A824&#8243; header_2_line_height=&#8221;1.5em&#8221; header_5_font=&#8221;||on||||||&#8221; header_5_font_size=&#8221;15px&#8221; background_color=&#8221;#FFFFFF&#8221; text_orientation=&#8221;center&#8221; custom_margin=&#8221;||||false|false&#8221; custom_margin_tablet=&#8221;||0px||false|false&#8221; custom_margin_phone=&#8221;||0px||false|false&#8221; custom_margin_last_edited=&#8221;on|tablet&#8221; global_colors_info=&#8221;{}&#8221;]<\/p>\n<h2><em>pozostaje chocia\u017c jedno nieszcz\u0119\u015bliwe dziecko.<\/em><\/h2>\n<p>[\/et_pb_text][et_pb_text _builder_version=&#8221;4.21.0&#8243; _module_preset=&#8221;default&#8221; text_text_color=&#8221;#F7A824&#8243; header_5_font=&#8221;||||||||&#8221; text_orientation=&#8221;right&#8221; global_colors_info=&#8221;{}&#8221;]\u2013 Albert Einstein<br \/>\n[\/et_pb_text][\/et_pb_column][\/et_pb_row][\/et_pb_section][et_pb_section fb_built=&#8221;1&#8243; _builder_version=&#8221;4.19.3&#8243; _module_preset=&#8221;default&#8221; background_enable_color=&#8221;off&#8221; use_background_color_gradient=&#8221;on&#8221; background_color_gradient_stops=&#8221;#ffe9c0 0%|#ffffff 100%&#8221; global_colors_info=&#8221;{}&#8221;][et_pb_row column_structure=&#8221;1_2,1_2&#8243; _builder_version=&#8221;4.19.3&#8243; _module_preset=&#8221;default&#8221; global_colors_info=&#8221;{}&#8221;][et_pb_column type=&#8221;1_2&#8243; _builder_version=&#8221;4.19.3&#8243; _module_preset=&#8221;default&#8221; global_colors_info=&#8221;{}&#8221;][et_pb_text _builder_version=&#8221;4.25.0&#8243; _module_preset=&#8221;default&#8221; global_colors_info=&#8221;{}&#8221;]<\/p>\n<h2>Jak mo\u017cesz wesprze\u0107<\/h2>\n<h2>HAND IN HAND<\/h2>\n<p>Doceniamy Twoje zainteresowanie prac\u0105 HAND IN HAND. Mo\u017cesz udzieli\u0107 wsparcia w formie finansowania lub wsp\u00f3\u0142finansowania, w formie og\u00f3lnej darowizny lub darowizny na specjalny projekt.<\/p>\n<p>Poprzez finansowanie lub wsp\u00f3\u0142finansowanie, wspierasz najwi\u0119kszy projekt HAND IN HAND &#8211; Szko\u0142\u0119 z Internatem Hariharananda Balashram (Hariharananda Balashram Residential School). Aby uzyska\u0107 wi\u0119cej informacji, kliknij tutaj. Wysoko\u015b\u0107 i czas trwania wk\u0142adu finansowego zale\u017cy oczywi\u015bcie wy\u0142\u0105cznie od Ciebie, ale mamy nadziej\u0119, \u017ce poni\u017csze informacje oka\u017c\u0105 si\u0119 przydatne:<\/p>\n<h4><strong>Koszty edukacji<\/strong><\/h4>\n<p><strong>17 \u20ac<\/strong> umo\u017cliwia nauk\u0119 1 dziecka przez 1 miesi\u0105c<br \/><strong>204 \u20ac<\/strong> umo\u017cliwia nauk\u0119 1 dziecka przez 1 rok<br \/><strong>680 \u20ac<\/strong> finansuje klas\u0119 szkoln\u0105 z 40 uczniami przez 1 miesi\u0105c<br \/><strong>8 160 \u20ac<\/strong> finansuje klas\u0119 szkoln\u0105 z 40 uczniami przez 1 rok<\/p>\n<h4>Koszty utrzymania<\/h4>\n<p><strong>\u20ac 50<\/strong> pokrywa koszty utrzymania 1 dziecka przez 1 miesi\u0105c<br \/><strong>\u20ac 600<\/strong> pokrywa koszty utrzymania 1 dziecka przez 1 rok<\/p>\n<h4>Ca\u0142kowity koszt<\/h4>\n<p><strong>\u20ac 67<\/strong> pokrywa wszystkie koszty utrzymania 1 dziecka przez 1 miesi\u0105c<br \/><strong>\u20ac 804<\/strong> pokrywa wszystkie koszty utrzymania 1 dziecka przez 1 rok<\/p>\n<p>Darowizna og\u00f3lna, tj. bez okre\u015blania konkretnego projektu z Twojej strony, daje nam mo\u017cliwo\u015b\u0107 wykorzystania jej tam, gdzie jest najbardziej potrzebna. W takim przypadku <strong>pomocne jest po prostu wskazanie &#8222;darowizny&#8221; w polu &#8222;cel&#8221; podczas dokonywania przelewu.<\/strong><\/p>\n<p>Je\u015bli wolisz przeznaczy\u0107 darowizn\u0119 na konkretny projekt, prosimy o wskazanie nazwy projektu lub celu &#8211; takiego jak &#8222;Balashram&#8221; lub &#8222;Chrysalis&#8221; lub &#8222;O\u015brodki zdrowia&#8221; lub &#8222;Pomoc w przypadku katastrof&#8221; &#8211; podczas dokonywania przelewu bankowego.<\/p>\n<p>[\/et_pb_text][et_pb_button button_url=&#8221;@ET-DC@eyJkeW5hbWljIjp0cnVlLCJjb250ZW50IjoicG9zdF9saW5rX3VybF9wYWdlIiwic2V0dGluZ3MiOnsicG9zdF9pZCI6Ijc0NTEifX0=@&#8221; button_text=&#8221;Aby przekaza\u0107 darowizn\u0119, kliknij tutaj&#8221; _builder_version=&#8221;4.25.0&#8243; _dynamic_attributes=&#8221;button_url&#8221; _module_preset=&#8221;default&#8221; global_colors_info=&#8221;{}&#8221;][\/et_pb_button][\/et_pb_column][et_pb_column type=&#8221;1_2&#8243; _builder_version=&#8221;4.19.3&#8243; _module_preset=&#8221;default&#8221; global_colors_info=&#8221;{}&#8221;][et_pb_image src=&#8221;https:\/\/handinhand.at\/wp-content\/uploads\/2022\/12\/image-1.png&#8221; title_text=&#8221;image (1)&#8221; _builder_version=&#8221;4.19.3&#8243; _module_preset=&#8221;default&#8221; width=&#8221;64%&#8221; module_alignment=&#8221;center&#8221; border_radii=&#8221;on|50%|50%|50%|50%&#8221; global_colors_info=&#8221;{}&#8221;][\/et_pb_image][et_pb_image src=&#8221;https:\/\/handinhand.at\/wp-content\/uploads\/2022\/12\/Reading-Spotlight-1.jpg&#8221; title_text=&#8221;Reading Spotlight (1)&#8221; _builder_version=&#8221;4.19.3&#8243; _module_preset=&#8221;default&#8221; width=&#8221;64%&#8221; module_alignment=&#8221;center&#8221; border_radii=&#8221;on|50%|50%|50%|50%&#8221; global_colors_info=&#8221;{}&#8221;][\/et_pb_image][\/et_pb_column][\/et_pb_row][et_pb_row _builder_version=&#8221;4.21.0&#8243; _module_preset=&#8221;default&#8221; global_colors_info=&#8221;{}&#8221;][et_pb_column type=&#8221;4_4&#8243; _builder_version=&#8221;4.21.0&#8243; _module_preset=&#8221;default&#8221; global_colors_info=&#8221;{}&#8221;][et_pb_icon font_icon=&#8221;&#xe089;||divi||400&#8243; icon_color=&#8221;#F7A824&#8243; _builder_version=&#8221;4.21.0&#8243; _module_preset=&#8221;default&#8221; global_colors_info=&#8221;{}&#8221;][\/et_pb_icon][\/et_pb_column][\/et_pb_row][\/et_pb_section]<\/p>\n","protected":false},"excerpt":{"rendered":"<p>SponsoringNie ma wielkich odkry\u0107 i post\u0119p\u00f3w tak d\u0142ugo, jak d\u0142ugo na ziemipozostaje chocia\u017c jedno nieszcz\u0119\u015bliwe dziecko.\u2013 Albert Einstein Jak mo\u017cesz wesprze\u0107 HAND IN HAND Doceniamy Twoje zainteresowanie prac\u0105 HAND IN HAND. Mo\u017cesz udzieli\u0107 wsparcia w formie finansowania lub wsp\u00f3\u0142finansowania, w formie og\u00f3lnej darowizny lub darowizny na specjalny projekt. Poprzez finansowanie lub wsp\u00f3\u0142finansowanie, wspierasz najwi\u0119kszy projekt [&hellip;]<\/p>\n","protected":false},"author":22,"featured_media":0,"parent":0,"menu_order":3,"comment_status":"closed","ping_status":"closed","template":"","meta":{"_et_pb_use_builder":"on","_et_pb_old_content":"","_et_gb_content_width":"","footnotes":""},"yoast_head":"<!-- This site is optimized with the Yoast SEO plugin v22.1 - https:\/\/yoast.com\/wordpress\/plugins\/seo\/ -->\n<title>Sponsorship - Hand in Hand<\/title>\n<meta name=\"robots\" content=\"index, follow, max-snippet:-1, max-image-preview:large, max-video-preview:-1\" \/>\n<link rel=\"canonical\" href=\"https:\/\/handinhand.at\/pl\/sponsorship\/\" \/>\n<meta property=\"og:locale\" content=\"pl_PL\" \/>\n<meta property=\"og:type\" content=\"article\" \/>\n<meta property=\"og:title\" content=\"Sponsorship - Hand in Hand\" \/>\n<meta property=\"og:description\" content=\"SponsoringNie ma wielkich odkry\u0107 i post\u0119p\u00f3w tak d\u0142ugo, jak d\u0142ugo na ziemipozostaje chocia\u017c jedno nieszcz\u0119\u015bliwe dziecko.\u2013 Albert Einstein Jak mo\u017cesz wesprze\u0107 HAND IN HAND Doceniamy Twoje zainteresowanie prac\u0105 HAND IN HAND. Mo\u017cesz udzieli\u0107 wsparcia w formie finansowania lub wsp\u00f3\u0142finansowania, w formie og\u00f3lnej darowizny lub darowizny na specjalny projekt. Poprzez finansowanie lub wsp\u00f3\u0142finansowanie, wspierasz najwi\u0119kszy projekt [&hellip;]\" \/>\n<meta property=\"og:url\" content=\"https:\/\/handinhand.at\/pl\/sponsorship\/\" \/>\n<meta property=\"og:site_name\" content=\"Hand in Hand\" \/>\n<meta property=\"article:modified_time\" content=\"2024-06-17T06:51:55+00:00\" \/>\n<meta name=\"twitter:card\" content=\"summary_large_image\" \/>\n<meta name=\"twitter:label1\" content=\"Szacowany czas czytania\" \/>\n\t<meta name=\"twitter:data1\" content=\"3 minuty\" \/>\n<script type=\"application\/ld+json\" class=\"yoast-schema-graph\">{\"@context\":\"https:\/\/schema.org\",\"@graph\":[{\"@type\":\"WebPage\",\"@id\":\"https:\/\/handinhand.at\/pl\/sponsorship\/\",\"url\":\"https:\/\/handinhand.at\/pl\/sponsorship\/\",\"name\":\"Sponsorship - Hand in Hand\",\"isPartOf\":{\"@id\":\"https:\/\/handinhand.at\/pl\/#website\"},\"datePublished\":\"2022-12-20T14:38:49+00:00\",\"dateModified\":\"2024-06-17T06:51:55+00:00\",\"breadcrumb\":{\"@id\":\"https:\/\/handinhand.at\/pl\/sponsorship\/#breadcrumb\"},\"inLanguage\":\"pl-PL\",\"potentialAction\":[{\"@type\":\"ReadAction\",\"target\":[\"https:\/\/handinhand.at\/pl\/sponsorship\/\"]}]},{\"@type\":\"BreadcrumbList\",\"@id\":\"https:\/\/handinhand.at\/pl\/sponsorship\/#breadcrumb\",\"itemListElement\":[{\"@type\":\"ListItem\",\"position\":1,\"name\":\"Home\",\"item\":\"https:\/\/handinhand.at\/pl\/\"},{\"@type\":\"ListItem\",\"position\":2,\"name\":\"Sponsorship\"}]},{\"@type\":\"WebSite\",\"@id\":\"https:\/\/handinhand.at\/pl\/#website\",\"url\":\"https:\/\/handinhand.at\/pl\/\",\"name\":\"Hand in Hand\",\"description\":\"\",\"publisher\":{\"@id\":\"https:\/\/handinhand.at\/pl\/#organization\"},\"potentialAction\":[{\"@type\":\"SearchAction\",\"target\":{\"@type\":\"EntryPoint\",\"urlTemplate\":\"https:\/\/handinhand.at\/pl\/?s={search_term_string}\"},\"query-input\":\"required name=search_term_string\"}],\"inLanguage\":\"pl-PL\"},{\"@type\":\"Organization\",\"@id\":\"https:\/\/handinhand.at\/pl\/#organization\",\"name\":\"SheFlore\",\"url\":\"https:\/\/handinhand.at\/pl\/\",\"logo\":{\"@type\":\"ImageObject\",\"inLanguage\":\"pl-PL\",\"@id\":\"https:\/\/handinhand.at\/pl\/#\/schema\/logo\/image\/\",\"url\":\"https:\/\/handinhand.at\/wp-content\/uploads\/2022\/11\/Middel-21@4x.png\",\"contentUrl\":\"https:\/\/handinhand.at\/wp-content\/uploads\/2022\/11\/Middel-21@4x.png\",\"width\":2018,\"height\":608,\"caption\":\"SheFlore\"},\"image\":{\"@id\":\"https:\/\/handinhand.at\/pl\/#\/schema\/logo\/image\/\"}}]}<\/script>\n<!-- \/ Yoast SEO plugin. -->","yoast_head_json":{"title":"Sponsorship - Hand in Hand","robots":{"index":"index","follow":"follow","max-snippet":"max-snippet:-1","max-image-preview":"max-image-preview:large","max-video-preview":"max-video-preview:-1"},"canonical":"https:\/\/handinhand.at\/pl\/sponsorship\/","og_locale":"pl_PL","og_type":"article","og_title":"Sponsorship - Hand in Hand","og_description":"SponsoringNie ma wielkich odkry\u0107 i post\u0119p\u00f3w tak d\u0142ugo, jak d\u0142ugo na ziemipozostaje chocia\u017c jedno nieszcz\u0119\u015bliwe dziecko.\u2013 Albert Einstein Jak mo\u017cesz wesprze\u0107 HAND IN HAND Doceniamy Twoje zainteresowanie prac\u0105 HAND IN HAND. Mo\u017cesz udzieli\u0107 wsparcia w formie finansowania lub wsp\u00f3\u0142finansowania, w formie og\u00f3lnej darowizny lub darowizny na specjalny projekt. Poprzez finansowanie lub wsp\u00f3\u0142finansowanie, wspierasz najwi\u0119kszy projekt [&hellip;]","og_url":"https:\/\/handinhand.at\/pl\/sponsorship\/","og_site_name":"Hand in Hand","article_modified_time":"2024-06-17T06:51:55+00:00","twitter_card":"summary_large_image","twitter_misc":{"Szacowany czas czytania":"3 minuty"},"schema":{"@context":"https:\/\/schema.org","@graph":[{"@type":"WebPage","@id":"https:\/\/handinhand.at\/pl\/sponsorship\/","url":"https:\/\/handinhand.at\/pl\/sponsorship\/","name":"Sponsorship - Hand in Hand","isPartOf":{"@id":"https:\/\/handinhand.at\/pl\/#website"},"datePublished":"2022-12-20T14:38:49+00:00","dateModified":"2024-06-17T06:51:55+00:00","breadcrumb":{"@id":"https:\/\/handinhand.at\/pl\/sponsorship\/#breadcrumb"},"inLanguage":"pl-PL","potentialAction":[{"@type":"ReadAction","target":["https:\/\/handinhand.at\/pl\/sponsorship\/"]}]},{"@type":"BreadcrumbList","@id":"https:\/\/handinhand.at\/pl\/sponsorship\/#breadcrumb","itemListElement":[{"@type":"ListItem","position":1,"name":"Home","item":"https:\/\/handinhand.at\/pl\/"},{"@type":"ListItem","position":2,"name":"Sponsorship"}]},{"@type":"WebSite","@id":"https:\/\/handinhand.at\/pl\/#website","url":"https:\/\/handinhand.at\/pl\/","name":"Hand in Hand","description":"","publisher":{"@id":"https:\/\/handinhand.at\/pl\/#organization"},"potentialAction":[{"@type":"SearchAction","target":{"@type":"EntryPoint","urlTemplate":"https:\/\/handinhand.at\/pl\/?s={search_term_string}"},"query-input":"required name=search_term_string"}],"inLanguage":"pl-PL"},{"@type":"Organization","@id":"https:\/\/handinhand.at\/pl\/#organization","name":"SheFlore","url":"https:\/\/handinhand.at\/pl\/","logo":{"@type":"ImageObject","inLanguage":"pl-PL","@id":"https:\/\/handinhand.at\/pl\/#\/schema\/logo\/image\/","url":"https:\/\/handinhand.at\/wp-content\/uploads\/2022\/11\/Middel-21@4x.png","contentUrl":"https:\/\/handinhand.at\/wp-content\/uploads\/2022\/11\/Middel-21@4x.png","width":2018,"height":608,"caption":"SheFlore"},"image":{"@id":"https:\/\/handinhand.at\/pl\/#\/schema\/logo\/image\/"}}]}},"_links":{"self":[{"href":"https:\/\/handinhand.at\/pl\/wp-json\/wp\/v2\/pages\/12787"}],"collection":[{"href":"https:\/\/handinhand.at\/pl\/wp-json\/wp\/v2\/pages"}],"about":[{"href":"https:\/\/handinhand.at\/pl\/wp-json\/wp\/v2\/types\/page"}],"author":[{"embeddable":true,"href":"https:\/\/handinhand.at\/pl\/wp-json\/wp\/v2\/users\/22"}],"replies":[{"embeddable":true,"href":"https:\/\/handinhand.at\/pl\/wp-json\/wp\/v2\/comments?post=12787"}],"version-history":[{"count":3,"href":"https:\/\/handinhand.at\/pl\/wp-json\/wp\/v2\/pages\/12787\/revisions"}],"predecessor-version":[{"id":12810,"href":"https:\/\/handinhand.at\/pl\/wp-json\/wp\/v2\/pages\/12787\/revisions\/12810"}],"wp:attachment":[{"href":"https:\/\/handinhand.at\/pl\/wp-json\/wp\/v2\/media?parent=12787"}],"curies":[{"name":"wp","href":"https:\/\/api.w.org\/{rel}","templated":true}]}}