{"id":13428,"date":"2022-12-20T15:38:49","date_gmt":"2022-12-20T14:38:49","guid":{"rendered":"https:\/\/handinhand.at\/?page_id=13428"},"modified":"2024-08-20T19:04:02","modified_gmt":"2024-08-20T17:04:02","slug":"sponsorship","status":"publish","type":"page","link":"https:\/\/handinhand.at\/es\/sponsorship\/","title":{"rendered":"Sponsorship"},"content":{"rendered":"<p>[et_pb_section fb_built=\u00bb1&#8243; custom_padding_last_edited=\u00bbon|desktop\u00bb module_class=\u00bbflex hih-header\u00bb _builder_version=\u00bb4.19.4&#8243; _module_preset=\u00bbdefault\u00bb background_color=\u00bb#6A88C4&#8243; background_image=\u00bbhttps:\/\/handinhand.at\/wp-content\/uploads\/2022\/12\/Kopie-van-Copy-of-_07A0624.jpg\u00bb background_position=\u00bbtop_right\u00bb background_vertical_offset=\u00bb24%\u00bb width=\u00bb100%\u00bb max_width=\u00bb100%\u00bb min_height=\u00bb600px\u00bb min_height_tablet=\u00bb\u00bb min_height_phone=\u00bb0px\u00bb min_height_last_edited=\u00bbon|tablet\u00bb custom_margin=\u00bb||||false|false\u00bb custom_padding=\u00bb||||false|false\u00bb custom_padding_tablet=\u00bb0px||||false|false\u00bb custom_padding_phone=\u00bb0px||0px||false|false\u00bb background_last_edited=\u00bbon|desktop\u00bb background_enable_image_tablet=\u00bboff\u00bb background_enable_image_phone=\u00bboff\u00bb saved_tabs=\u00bball\u00bb global_colors_info=\u00bb{}\u00bb][et_pb_row _builder_version=\u00bb4.19.3&#8243; _module_preset=\u00bbdefault\u00bb positioning=\u00bbabsolute\u00bb vertical_offset=\u00bb75px\u00bb horizontal_offset=\u00bb75px\u00bb vertical_offset_tablet=\u00bb0px\u00bb vertical_offset_phone=\u00bb0px\u00bb vertical_offset_last_edited=\u00bbon|tablet\u00bb horizontal_offset_tablet=\u00bb0px\u00bb horizontal_offset_phone=\u00bb0px\u00bb horizontal_offset_last_edited=\u00bbon|desktop\u00bb position_origin_a_tablet=\u00bb\u00bb position_origin_a_phone=\u00bb\u00bb position_origin_a_last_edited=\u00bbon|desktop\u00bb position_origin_f_tablet=\u00bb\u00bb position_origin_f_phone=\u00bb\u00bb position_origin_f_last_edited=\u00bbon|desktop\u00bb position_origin_r_tablet=\u00bb\u00bb position_origin_r_phone=\u00bb\u00bb position_origin_r_last_edited=\u00bbon|desktop\u00bb width=\u00bb100%\u00bb max_width=\u00bb100px\u00bb max_width_tablet=\u00bb100%\u00bb max_width_phone=\u00bb100%\u00bb max_width_last_edited=\u00bbon|tablet\u00bb custom_margin=\u00bb||||false|false\u00bb custom_margin_tablet=\u00bb|0px||0px|false|true\u00bb custom_margin_phone=\u00bb|0px||0px|false|true\u00bb custom_margin_last_edited=\u00bbon|tablet\u00bb custom_padding=\u00bb0px|0px||0px|false|true\u00bb positioning_tablet=\u00bbrelative\u00bb positioning_phone=\u00bbrelative\u00bb positioning_last_edited=\u00bbon|desktop\u00bb global_colors_info=\u00bb{}\u00bb][et_pb_column type=\u00bb4_4&#8243; _builder_version=\u00bb4.19.3&#8243; _module_preset=\u00bbdefault\u00bb global_colors_info=\u00bb{}\u00bb][et_pb_image src=\u00bbhttps:\/\/handinhand.at\/wp-content\/uploads\/2022\/12\/naamloos-0624.jpg\u00bb title_text=\u00bbnaamloos-0624&#8243; force_fullwidth=\u00bbon\u00bb disabled_on=\u00bboff|off|on\u00bb _builder_version=\u00bb4.19.3&#8243; _module_preset=\u00bbdefault\u00bb global_colors_info=\u00bb{}\u00bb][\/et_pb_image][\/et_pb_column][\/et_pb_row][et_pb_row column_structure=\u00bb1_2,1_2&#8243; custom_padding_last_edited=\u00bbon|tablet\u00bb _builder_version=\u00bb4.25.0&#8243; _module_preset=\u00bbdefault\u00bb width=\u00bb82%\u00bb max_width=\u00bb1519px\u00bb custom_padding=\u00bb100px||100px||true|false\u00bb custom_padding_tablet=\u00bb0px||0px||true|false\u00bb custom_padding_phone=\u00bb\u00bb global_colors_info=\u00bb{}\u00bb][et_pb_column type=\u00bb1_2&#8243; _builder_version=\u00bb4.18.0&#8243; _module_preset=\u00bbdefault\u00bb global_colors_info=\u00bb{}\u00bb][et_pb_text _builder_version=\u00bb4.25.0&#8243; _module_preset=\u00bbdefault\u00bb text_font=\u00bb||||||||\u00bb text_font_size=\u00bb20px\u00bb transform_rotate=\u00bb0deg|0deg|355deg\u00bb background_layout=\u00bbdark\u00bb custom_margin=\u00bb||||false|false\u00bb text_orientation_tablet=\u00bbcenter\u00bb text_orientation_phone=\u00bbcenter\u00bb text_orientation_last_edited=\u00bbon|tablet\u00bb header_text_shadow_style=\u00bbpreset3&#8243; global_colors_info=\u00bb{}\u00bb]<\/p>\n<h1><em>Apadrinamiento<\/em><\/h1>\n<p>[\/et_pb_text][\/et_pb_column][et_pb_column type=\u00bb1_2&#8243; _builder_version=\u00bb4.18.0&#8243; _module_preset=\u00bbdefault\u00bb global_colors_info=\u00bb{}\u00bb][\/et_pb_column][\/et_pb_row][\/et_pb_section][et_pb_section fb_built=\u00bb1&#8243; module_class=\u00bbhih-quote\u00bb _builder_version=\u00bb4.19.3&#8243; _module_preset=\u00bbdefault\u00bb global_colors_info=\u00bb{}\u00bb][et_pb_row _builder_version=\u00bb4.19.3&#8243; _module_preset=\u00bbdefault\u00bb module_alignment=\u00bbcenter\u00bb custom_padding=\u00bb||0px|||\u00bb global_colors_info=\u00bb{}\u00bb][et_pb_column type=\u00bb4_4&#8243; _builder_version=\u00bb4.18.0&#8243; _module_preset=\u00bbdefault\u00bb global_colors_info=\u00bb{}\u00bb][et_pb_text _builder_version=\u00bb4.25.0&#8243; _module_preset=\u00bbdefault\u00bb text_font=\u00bb||||||||\u00bb text_text_color=\u00bb#6A88C4&#8243; header_text_align=\u00bbright\u00bb header_text_color=\u00bb#6A88C4&#8243; header_2_text_color=\u00bb#F7A824&#8243; header_2_line_height=\u00bb1.5em\u00bb header_5_font=\u00bb||on||||||\u00bb header_5_font_size=\u00bb15px\u00bb background_color=\u00bb#FFFFFF\u00bb custom_margin=\u00bb||||false|false\u00bb custom_margin_tablet=\u00bb||0px||false|false\u00bb custom_margin_phone=\u00bb||0px||false|false\u00bb custom_margin_last_edited=\u00bbon|tablet\u00bb text_orientation_tablet=\u00bbcenter\u00bb text_orientation_phone=\u00bbcenter\u00bb text_orientation_last_edited=\u00bbon|tablet\u00bb global_colors_info=\u00bb{}\u00bb]<\/p>\n<h2><em>No existen los grandes descubrimientos ni los\u00a0<\/em><\/h2>\n<p>[\/et_pb_text][et_pb_text _builder_version=\u00bb4.25.0&#8243; _module_preset=\u00bbdefault\u00bb text_font=\u00bb||||||||\u00bb text_text_color=\u00bb#6A88C4&#8243; header_font=\u00bbAbel||||||||\u00bb header_text_align=\u00bbright\u00bb header_text_color=\u00bb#6A88C4&#8243; header_2_text_color=\u00bb#F7A824&#8243; header_2_line_height=\u00bb1.5em\u00bb header_5_font=\u00bb||on||||||\u00bb header_5_font_size=\u00bb15px\u00bb background_color=\u00bb#FFFFFF\u00bb text_orientation=\u00bbright\u00bb custom_margin=\u00bb||||false|false\u00bb custom_margin_tablet=\u00bb||0px||false|false\u00bb custom_margin_phone=\u00bb||0px||false|false\u00bb custom_margin_last_edited=\u00bbon|tablet\u00bb text_orientation_tablet=\u00bbcenter\u00bb text_orientation_phone=\u00bbcenter\u00bb text_orientation_last_edited=\u00bbon|tablet\u00bb global_colors_info=\u00bb{}\u00bb]<\/p>\n<h2><em>avances mientras que quede <\/em><\/h2>\n<p>[\/et_pb_text][et_pb_text _builder_version=\u00bb4.25.0&#8243; _module_preset=\u00bbdefault\u00bb text_font=\u00bb||||||||\u00bb text_text_color=\u00bb#6A88C4&#8243; header_font=\u00bbAbel||||||||\u00bb header_text_align=\u00bbright\u00bb header_text_color=\u00bb#6A88C4&#8243; header_2_text_color=\u00bb#F7A824&#8243; header_2_line_height=\u00bb1.5em\u00bb header_5_font=\u00bb||on||||||\u00bb header_5_font_size=\u00bb15px\u00bb background_color=\u00bb#FFFFFF\u00bb text_orientation=\u00bbcenter\u00bb custom_margin=\u00bb||||false|false\u00bb custom_margin_tablet=\u00bb||0px||false|false\u00bb custom_margin_phone=\u00bb||0px||false|false\u00bb custom_margin_last_edited=\u00bbon|tablet\u00bb global_colors_info=\u00bb{}\u00bb]<\/p>\n<h2><em>un solo ni\u00f1o infeliz en la Tierra. <\/em><\/h2>\n<p>[\/et_pb_text][et_pb_text _builder_version=\u00bb4.21.0&#8243; _module_preset=\u00bbdefault\u00bb text_text_color=\u00bb#F7A824&#8243; header_5_font=\u00bb||||||||\u00bb text_orientation=\u00bbright\u00bb global_colors_info=\u00bb{}\u00bb]\u2013 Albert Einstein<br \/>\n[\/et_pb_text][\/et_pb_column][\/et_pb_row][\/et_pb_section][et_pb_section fb_built=\u00bb1&#8243; _builder_version=\u00bb4.19.3&#8243; _module_preset=\u00bbdefault\u00bb background_enable_color=\u00bboff\u00bb use_background_color_gradient=\u00bbon\u00bb background_color_gradient_stops=\u00bb#ffe9c0 0%|#ffffff 100%\u00bb global_colors_info=\u00bb{}\u00bb][et_pb_row column_structure=\u00bb1_2,1_2&#8243; _builder_version=\u00bb4.19.3&#8243; _module_preset=\u00bbdefault\u00bb global_colors_info=\u00bb{}\u00bb][et_pb_column type=\u00bb1_2&#8243; _builder_version=\u00bb4.19.3&#8243; _module_preset=\u00bbdefault\u00bb global_colors_info=\u00bb{}\u00bb][et_pb_text _builder_version=\u00bb4.25.0&#8243; _module_preset=\u00bbdefault\u00bb hover_enabled=\u00bb0&#8243; global_colors_info=\u00bb{}\u00bb sticky_enabled=\u00bb0&#8243;]<\/p>\n<h2><span>C\u00f3mo ayudar a<br \/>HAND IN HAND<\/span><\/h2>\n<p><span>Agradecemos tu inter\u00e9s en el trabajo de HAND IN HAND. Podr\u00e1s dar tu apoyo al hacerte padrino o co-padrino con una donaci\u00f3n general o una donaci\u00f3n para un proyecto especial. <\/span><\/p>\n<p><span>A trav\u00e9s del apadrinamiento o co-apadrinamiento ayudar\u00e1s en la financiaci\u00f3n del mayor proyecto de HAND IN HAND \u2013 la Hariharananda escuela residencial. Para m\u00e1s informaci\u00f3n, <a href=\"https:\/\/www.hariharanandabalashram.org\/\" target=\"_blank\" rel=\"noopener\">haz clic aqu\u00ed<\/a>. Por supuesto que el importe y la duraci\u00f3n de tu contribuci\u00f3n financiera dependen enteramente de ti mismo, pero esperamos que la siguiente informaci\u00f3n te sea \u00fatil. <\/span><\/p>\n<p><strong><\/strong><\/p>\n<h4><strong>Coste de educaci\u00f3n<\/strong><\/h4>\n<p><strong>\u20ac 17<\/strong> hace posible la escolarizaci\u00f3n de un ni\u00f1o durante un mes<br \/><strong>\u20ac 204<\/strong> hace posible la escolarizaci\u00f3n de un ni\u00f1o durante un a\u00f1o<br \/><strong>\u20ac 680<\/strong> para financiar una clase de 40 alumnos durante un mes<br \/><strong>\u20ac 8.160<\/strong> para financiar una clase de 40 alumnos durante un a\u00f1o<\/p>\n<p><strong><\/strong><\/p>\n<h4><strong>Coste de vida<\/strong><strong><\/strong><\/h4>\n<p><strong>\u20ac 50<\/strong> cubre el coste de vida de un ni\u00f1o durante un mes<br \/><strong>\u20ac 600<\/strong> cubre el coste de vida de un ni\u00f1o durante un a\u00f1o<\/p>\n<p><strong><\/strong><\/p>\n<h4><strong>Coste total<\/strong><strong><\/strong><\/h4>\n<p><strong>\u20ac 67<\/strong> cubre todos los costes de un ni\u00f1o durante un mes<br \/><strong>\u20ac 804<\/strong> cubre todos los costes de un ni\u00f1o durante un a\u00f1o<\/p>\n<p><span><\/span><\/p>\n<p><span>Una donaci\u00f3n general, es decir sin especificar ning\u00fan proyecto por tu parte, nos da la oportunidad de utilizarla donde m\u00e1s hace falta. En este caso, <strong>por favor solo indica \u00abdonaci\u00f3n\u00bb en el campo \u00abdestino\u00bb al hacer la transferencia. <\/strong><\/span><\/p>\n<p><span>Si quieres dedicar tu donaci\u00f3n a un proyecto espec\u00edfico, por favor indica el nombre o el destino del proyecto, por ejemplo \u00abBalashram\u00bb o \u00abChrysalis\u00bb o \u00abCentros de salud\u00bb o \u00abAyuda para cat\u00e1strofes\u00bb al hacer la transferencia bancaria. <\/span><\/p>\n<p>[\/et_pb_text][et_pb_button button_url=\u00bb@ET-DC@eyJkeW5hbWljIjp0cnVlLCJjb250ZW50IjoicG9zdF9saW5rX3VybF9wYWdlIiwic2V0dGluZ3MiOnsicG9zdF9pZCI6Ijc0NTEifX0=@\u00bb button_text=\u00bbPara hacer una donaci\u00f3n, por favor haz clic aqu\u00ed\u00bb _builder_version=\u00bb4.25.0&#8243; _dynamic_attributes=\u00bbbutton_url\u00bb _module_preset=\u00bbdefault\u00bb global_colors_info=\u00bb{}\u00bb][\/et_pb_button][\/et_pb_column][et_pb_column type=\u00bb1_2&#8243; _builder_version=\u00bb4.19.3&#8243; _module_preset=\u00bbdefault\u00bb global_colors_info=\u00bb{}\u00bb][et_pb_image src=\u00bbhttps:\/\/handinhand.at\/wp-content\/uploads\/2022\/12\/image-1.png\u00bb title_text=\u00bbimage (1)\u00bb _builder_version=\u00bb4.19.3&#8243; _module_preset=\u00bbdefault\u00bb width=\u00bb64%\u00bb module_alignment=\u00bbcenter\u00bb border_radii=\u00bbon|50%|50%|50%|50%\u00bb global_colors_info=\u00bb{}\u00bb][\/et_pb_image][et_pb_image src=\u00bbhttps:\/\/handinhand.at\/wp-content\/uploads\/2022\/12\/Reading-Spotlight-1.jpg\u00bb title_text=\u00bbReading Spotlight (1)\u00bb _builder_version=\u00bb4.19.3&#8243; _module_preset=\u00bbdefault\u00bb width=\u00bb64%\u00bb module_alignment=\u00bbcenter\u00bb border_radii=\u00bbon|50%|50%|50%|50%\u00bb global_colors_info=\u00bb{}\u00bb][\/et_pb_image][\/et_pb_column][\/et_pb_row][et_pb_row _builder_version=\u00bb4.21.0&#8243; _module_preset=\u00bbdefault\u00bb global_colors_info=\u00bb{}\u00bb][et_pb_column type=\u00bb4_4&#8243; _builder_version=\u00bb4.21.0&#8243; _module_preset=\u00bbdefault\u00bb global_colors_info=\u00bb{}\u00bb][et_pb_icon font_icon=\u00bb&#xe089;||divi||400&#8243; icon_color=\u00bb#F7A824&#8243; _builder_version=\u00bb4.21.0&#8243; _module_preset=\u00bbdefault\u00bb global_colors_info=\u00bb{}\u00bb][\/et_pb_icon][\/et_pb_column][\/et_pb_row][\/et_pb_section]<\/p>\n","protected":false},"excerpt":{"rendered":"<p>ApadrinamientoNo existen los grandes descubrimientos ni los\u00a0avances mientras que quede un solo ni\u00f1o infeliz en la Tierra. \u2013 Albert Einstein C\u00f3mo ayudar aHAND IN HAND Agradecemos tu inter\u00e9s en el trabajo de HAND IN HAND. Podr\u00e1s dar tu apoyo al hacerte padrino o co-padrino con una donaci\u00f3n general o una donaci\u00f3n para un proyecto especial. [&hellip;]<\/p>\n","protected":false},"author":22,"featured_media":0,"parent":0,"menu_order":3,"comment_status":"closed","ping_status":"closed","template":"","meta":{"_et_pb_use_builder":"on","_et_pb_old_content":"","_et_gb_content_width":"","footnotes":""},"yoast_head":"<!-- This site is optimized with the Yoast SEO plugin v22.1 - https:\/\/yoast.com\/wordpress\/plugins\/seo\/ -->\n<title>Sponsorship - Hand in Hand<\/title>\n<meta name=\"robots\" content=\"index, follow, max-snippet:-1, max-image-preview:large, max-video-preview:-1\" \/>\n<link rel=\"canonical\" href=\"https:\/\/handinhand.at\/es\/sponsorship\/\" \/>\n<meta property=\"og:locale\" content=\"es_ES\" \/>\n<meta property=\"og:type\" content=\"article\" \/>\n<meta property=\"og:title\" content=\"Sponsorship - Hand in Hand\" \/>\n<meta property=\"og:description\" content=\"ApadrinamientoNo existen los grandes descubrimientos ni los\u00a0avances mientras que quede un solo ni\u00f1o infeliz en la Tierra. \u2013 Albert Einstein C\u00f3mo ayudar aHAND IN HAND Agradecemos tu inter\u00e9s en el trabajo de HAND IN HAND. Podr\u00e1s dar tu apoyo al hacerte padrino o co-padrino con una donaci\u00f3n general o una donaci\u00f3n para un proyecto especial. [&hellip;]\" \/>\n<meta property=\"og:url\" content=\"https:\/\/handinhand.at\/es\/sponsorship\/\" \/>\n<meta property=\"og:site_name\" content=\"Hand in Hand\" \/>\n<meta property=\"article:modified_time\" content=\"2024-08-20T17:04:02+00:00\" \/>\n<meta name=\"twitter:card\" content=\"summary_large_image\" \/>\n<script type=\"application\/ld+json\" class=\"yoast-schema-graph\">{\"@context\":\"https:\/\/schema.org\",\"@graph\":[{\"@type\":\"WebPage\",\"@id\":\"https:\/\/handinhand.at\/es\/sponsorship\/\",\"url\":\"https:\/\/handinhand.at\/es\/sponsorship\/\",\"name\":\"Sponsorship - Hand in Hand\",\"isPartOf\":{\"@id\":\"https:\/\/handinhand.at\/es\/#website\"},\"datePublished\":\"2022-12-20T14:38:49+00:00\",\"dateModified\":\"2024-08-20T17:04:02+00:00\",\"breadcrumb\":{\"@id\":\"https:\/\/handinhand.at\/es\/sponsorship\/#breadcrumb\"},\"inLanguage\":\"es\",\"potentialAction\":[{\"@type\":\"ReadAction\",\"target\":[\"https:\/\/handinhand.at\/es\/sponsorship\/\"]}]},{\"@type\":\"BreadcrumbList\",\"@id\":\"https:\/\/handinhand.at\/es\/sponsorship\/#breadcrumb\",\"itemListElement\":[{\"@type\":\"ListItem\",\"position\":1,\"name\":\"Home\",\"item\":\"https:\/\/handinhand.at\/es\/\"},{\"@type\":\"ListItem\",\"position\":2,\"name\":\"Sponsorship\"}]},{\"@type\":\"WebSite\",\"@id\":\"https:\/\/handinhand.at\/es\/#website\",\"url\":\"https:\/\/handinhand.at\/es\/\",\"name\":\"Hand in Hand\",\"description\":\"\",\"publisher\":{\"@id\":\"https:\/\/handinhand.at\/es\/#organization\"},\"potentialAction\":[{\"@type\":\"SearchAction\",\"target\":{\"@type\":\"EntryPoint\",\"urlTemplate\":\"https:\/\/handinhand.at\/es\/?s={search_term_string}\"},\"query-input\":\"required name=search_term_string\"}],\"inLanguage\":\"es\"},{\"@type\":\"Organization\",\"@id\":\"https:\/\/handinhand.at\/es\/#organization\",\"name\":\"SheFlore\",\"url\":\"https:\/\/handinhand.at\/es\/\",\"logo\":{\"@type\":\"ImageObject\",\"inLanguage\":\"es\",\"@id\":\"https:\/\/handinhand.at\/es\/#\/schema\/logo\/image\/\",\"url\":\"https:\/\/handinhand.at\/wp-content\/uploads\/2022\/11\/Middel-21@4x.png\",\"contentUrl\":\"https:\/\/handinhand.at\/wp-content\/uploads\/2022\/11\/Middel-21@4x.png\",\"width\":2018,\"height\":608,\"caption\":\"SheFlore\"},\"image\":{\"@id\":\"https:\/\/handinhand.at\/es\/#\/schema\/logo\/image\/\"}}]}<\/script>\n<!-- \/ Yoast SEO plugin. -->","yoast_head_json":{"title":"Sponsorship - Hand in Hand","robots":{"index":"index","follow":"follow","max-snippet":"max-snippet:-1","max-image-preview":"max-image-preview:large","max-video-preview":"max-video-preview:-1"},"canonical":"https:\/\/handinhand.at\/es\/sponsorship\/","og_locale":"es_ES","og_type":"article","og_title":"Sponsorship - Hand in Hand","og_description":"ApadrinamientoNo existen los grandes descubrimientos ni los\u00a0avances mientras que quede un solo ni\u00f1o infeliz en la Tierra. \u2013 Albert Einstein C\u00f3mo ayudar aHAND IN HAND Agradecemos tu inter\u00e9s en el trabajo de HAND IN HAND. Podr\u00e1s dar tu apoyo al hacerte padrino o co-padrino con una donaci\u00f3n general o una donaci\u00f3n para un proyecto especial. [&hellip;]","og_url":"https:\/\/handinhand.at\/es\/sponsorship\/","og_site_name":"Hand in Hand","article_modified_time":"2024-08-20T17:04:02+00:00","twitter_card":"summary_large_image","schema":{"@context":"https:\/\/schema.org","@graph":[{"@type":"WebPage","@id":"https:\/\/handinhand.at\/es\/sponsorship\/","url":"https:\/\/handinhand.at\/es\/sponsorship\/","name":"Sponsorship - Hand in Hand","isPartOf":{"@id":"https:\/\/handinhand.at\/es\/#website"},"datePublished":"2022-12-20T14:38:49+00:00","dateModified":"2024-08-20T17:04:02+00:00","breadcrumb":{"@id":"https:\/\/handinhand.at\/es\/sponsorship\/#breadcrumb"},"inLanguage":"es","potentialAction":[{"@type":"ReadAction","target":["https:\/\/handinhand.at\/es\/sponsorship\/"]}]},{"@type":"BreadcrumbList","@id":"https:\/\/handinhand.at\/es\/sponsorship\/#breadcrumb","itemListElement":[{"@type":"ListItem","position":1,"name":"Home","item":"https:\/\/handinhand.at\/es\/"},{"@type":"ListItem","position":2,"name":"Sponsorship"}]},{"@type":"WebSite","@id":"https:\/\/handinhand.at\/es\/#website","url":"https:\/\/handinhand.at\/es\/","name":"Hand in Hand","description":"","publisher":{"@id":"https:\/\/handinhand.at\/es\/#organization"},"potentialAction":[{"@type":"SearchAction","target":{"@type":"EntryPoint","urlTemplate":"https:\/\/handinhand.at\/es\/?s={search_term_string}"},"query-input":"required name=search_term_string"}],"inLanguage":"es"},{"@type":"Organization","@id":"https:\/\/handinhand.at\/es\/#organization","name":"SheFlore","url":"https:\/\/handinhand.at\/es\/","logo":{"@type":"ImageObject","inLanguage":"es","@id":"https:\/\/handinhand.at\/es\/#\/schema\/logo\/image\/","url":"https:\/\/handinhand.at\/wp-content\/uploads\/2022\/11\/Middel-21@4x.png","contentUrl":"https:\/\/handinhand.at\/wp-content\/uploads\/2022\/11\/Middel-21@4x.png","width":2018,"height":608,"caption":"SheFlore"},"image":{"@id":"https:\/\/handinhand.at\/es\/#\/schema\/logo\/image\/"}}]}},"_links":{"self":[{"href":"https:\/\/handinhand.at\/es\/wp-json\/wp\/v2\/pages\/13428"}],"collection":[{"href":"https:\/\/handinhand.at\/es\/wp-json\/wp\/v2\/pages"}],"about":[{"href":"https:\/\/handinhand.at\/es\/wp-json\/wp\/v2\/types\/page"}],"author":[{"embeddable":true,"href":"https:\/\/handinhand.at\/es\/wp-json\/wp\/v2\/users\/22"}],"replies":[{"embeddable":true,"href":"https:\/\/handinhand.at\/es\/wp-json\/wp\/v2\/comments?post=13428"}],"version-history":[{"count":3,"href":"https:\/\/handinhand.at\/es\/wp-json\/wp\/v2\/pages\/13428\/revisions"}],"predecessor-version":[{"id":13440,"href":"https:\/\/handinhand.at\/es\/wp-json\/wp\/v2\/pages\/13428\/revisions\/13440"}],"wp:attachment":[{"href":"https:\/\/handinhand.at\/es\/wp-json\/wp\/v2\/media?parent=13428"}],"curies":[{"name":"wp","href":"https:\/\/api.w.org\/{rel}","templated":true}]}}