{"id":11337,"date":"2023-01-09T16:53:37","date_gmt":"2023-01-09T15:53:37","guid":{"rendered":"https:\/\/handinhand.at\/?page_id=11337"},"modified":"2024-10-18T14:28:01","modified_gmt":"2024-10-18T12:28:01","slug":"impressum","status":"publish","type":"page","link":"https:\/\/handinhand.at\/de\/impressum\/","title":{"rendered":"Imprint"},"content":{"rendered":"<p>[et_pb_section fb_built=&#8220;1&#8243; admin_label=&#8220;section&#8220; _builder_version=&#8220;4.16&#8243; global_colors_info=&#8220;{}&#8220;][et_pb_row admin_label=&#8220;row&#8220; _builder_version=&#8220;4.16&#8243; background_size=&#8220;initial&#8220; background_position=&#8220;top_left&#8220; background_repeat=&#8220;repeat&#8220; global_colors_info=&#8220;{}&#8220;][et_pb_column type=&#8220;4_4&#8243; _builder_version=&#8220;4.16&#8243; custom_padding=&#8220;|||&#8220; global_colors_info=&#8220;{}&#8220; custom_padding__hover=&#8220;|||&#8220;][et_pb_text admin_label=&#8220;Text&#8220; _builder_version=&#8220;4.25.0&#8243; background_size=&#8220;initial&#8220; background_position=&#8220;top_left&#8220; background_repeat=&#8220;repeat&#8220; hover_enabled=&#8220;0&#8243; global_colors_info=&#8220;{}&#8220; sticky_enabled=&#8220;0&#8243;]<\/p>\n<div class=\"page-header\">\n<h2 itemprop=\"name\"><span class=\"item_title_part_0 item_title_part_odd item_title_part_first_half item_title_part_first item_title_part_last\">Impressum<\/span><\/h2>\n<\/div>\n<div itemprop=\"articleBody\">\n<p><strong>Hand in Hand,<span>\u00a0<\/span><\/strong>Organisation f\u00fcr Humanit\u00e4re Hilfe<br \/>1120 Wien, Pohlgasse 10\/4\/7<br \/>\u00d6sterreich<\/p>\n<p>Tel: +43 (0) 650 7026050<br \/>Email:<span>\u00a0<\/span><a href=\"mailto:info@handinhand.at\">info@handinhand.at<br \/><\/a>Internet:<span>\u00a0<\/span><a href=\"http:\/\/hih.colors4life.de\/\">www.handinhand.at<\/a><\/p>\n<p><strong>Vereinszweck<span>\u00a0<\/span>siehe Statuten von Hand in Hand -&gt;<span>\u00a0<\/span><a href=\"https:\/\/handinhand.at\/wp-content\/uploads\/2024\/10\/HIH-Statuten-2024.pdf\" target=\"_blank\" rel=\"noopener noreferrer\" title=\"Statuten - Hand in Hand\">HiH Statuten 2024.pdf<\/a><\/strong><\/p>\n<p><strong>Aufsichtsbeh\u00f6rde:<\/strong>\u00a0Landespolizeidirektion Wien \u2013 Referat Vereins-, Versammlungs- und Medienrechtsangelegenheiten; Bundesministerium f\u00fcr Inneres<\/p>\n<p><strong>Zentrales Vereinsregister ZVR-Zahl 622986022<\/strong><\/p>\n<p><strong>Berechtigung, das \u00d6sterreichische Spendeng\u00fctesiegel zu f\u00fchren 05169<\/strong><br \/>seit 10.12.2003, wird j\u00e4hrlich gepr\u00fcft und zertifiziert<span>\u00a0<\/span><a href=\"https:\/\/www.osgs.at\/hand-in-hand-organisation-fuer-humanitaere-hilfe\" target=\"_blank\" rel=\"noopener noreferrer\">www.osgs.at\/hand-in-hand-organisation-fuer-humanitaere-hilfe<\/a><\/p>\n<p><strong>Spendenbeg\u00fcnstigungsbescheid SO 1407<\/strong><\/p>\n<p><strong>Pr\u00e4sident<span>\u00a0<\/span><\/strong>Peter van Breukelen (Anschrift wie oben)<\/p>\n<p><strong>Verantwortlich f\u00fcr den Inhalt und Datenschutz<span>\u00a0<\/span><\/strong>Gesch\u00e4ftsf\u00fchrerin Ursula Schmidtke (Anschrift wie oben)<\/p>\n<p><strong>Verantwortlich f\u00fcr die Verwendung der Spenden<\/strong><span>\u00a0<\/span>Kassier Annemarie Ackerl (Anschrift wie oben)<\/p>\n<p><strong>Inhalte und Grafiken<\/strong><span>\u00a0<\/span>auf dieser Website sind urheberrechtlich gesch\u00fctzt, somit sind alle Rechte vorbehalten. Die Angaben auf dieser Website sind nach bestem Wissen erstellt und werden mit gro\u00dfer Sorgfalt auf ihre Richtigkeit \u00fcberpr\u00fcft. Wir \u00fcbernehmen keine Verantwortung f\u00fcr den Inhalt von Internetseiten, welche durch Verlinkung auf dieser Website ge\u00f6ffnet werden. Diese unterliegen nicht unserer Kontrolle und sind auch nicht Bestandteil unserer Internet-Pr\u00e4sentation. Die Verlinkungen wurden nur f\u00fcr eine weiterf\u00fchrende Information eingerichtet.<\/p>\n<p><strong>Umsetzung der Webseite\u00a0in Zusammenarbeit mit Hand in Hand:<\/strong> sisa\/works und <a href=\"https:\/\/maaktwebsitesbeter.nl\/\" target=\"_blank\" rel=\"noopener\">Thomas Maakt Websites Beter<\/a><\/p>\n<\/div>\n<p>[\/et_pb_text][\/et_pb_column][\/et_pb_row][\/et_pb_section]<\/p>\n","protected":false},"excerpt":{"rendered":"<p>Impressum Hand in Hand,\u00a0Organisation f\u00fcr Humanit\u00e4re Hilfe1120 Wien, Pohlgasse 10\/4\/7\u00d6sterreich Tel: +43 (0) 650 7026050Email:\u00a0info@handinhand.atInternet:\u00a0www.handinhand.at Vereinszweck\u00a0siehe Statuten von Hand in Hand -&gt;\u00a0HiH Statuten 2024.pdf Aufsichtsbeh\u00f6rde:\u00a0Landespolizeidirektion Wien \u2013 Referat Vereins-, Versammlungs- und Medienrechtsangelegenheiten; Bundesministerium f\u00fcr Inneres Zentrales Vereinsregister ZVR-Zahl 622986022 Berechtigung, das \u00d6sterreichische Spendeng\u00fctesiegel zu f\u00fchren 05169seit 10.12.2003, wird j\u00e4hrlich gepr\u00fcft und zertifiziert\u00a0www.osgs.at\/hand-in-hand-organisation-fuer-humanitaere-hilfe Spendenbeg\u00fcnstigungsbescheid SO 1407 [&hellip;]<\/p>\n","protected":false},"author":22,"featured_media":0,"parent":0,"menu_order":999,"comment_status":"closed","ping_status":"closed","template":"","meta":{"_et_pb_use_builder":"on","_et_pb_old_content":"[et_pb_section fb_built=\"1\" admin_label=\"section\" _builder_version=\"4.16\" global_colors_info=\"{}\"][et_pb_row admin_label=\"row\" _builder_version=\"4.16\" background_size=\"initial\" background_position=\"top_left\" background_repeat=\"repeat\" global_colors_info=\"{}\"][et_pb_column type=\"4_4\" _builder_version=\"4.16\" custom_padding=\"|||\" global_colors_info=\"{}\" custom_padding__hover=\"|||\"][et_pb_text admin_label=\"Text\" _builder_version=\"4.16\" background_size=\"initial\" background_position=\"top_left\" background_repeat=\"repeat\" global_colors_info=\"{}\"]<h2>Legal\u00a0notice<\/h2><p><strong>Hand in Hand,\u00a0<\/strong>Organisation for Humanitarian Aid<\/p><p>1120 Vienna, Pohlgasse 10\/4\/7<br \/>Austria<\/p><p>Tel: +43 (0) 650 7026050<br \/>Email:\u00a0<a href=\"mailto:info@handinhand.at\">info@handinhand.at<br \/><\/a>Internet:\u00a0<a href=\"http:\/\/hih.colors4life.de\/\">www.handinhand.at<\/a><\/p><p><strong>Regulatory authority:<\/strong>Regional Police Head Office Vienna \u2013 Department for association, assembly and media- related matters; the Federal Ministry of Interior<\/p><p><strong>The Central Register of Associations (Zentrales Vereinsregister ZVR) - Number 622986022<\/strong><\/p><p><strong>Entitled to the Austrian Certificate of Donation 05169<\/strong><br \/>since 10.12.2003, which is re-examined and certified on a yearly basis\u00a0<a href=\"https:\/\/www.osgs.at\/hand-in-hand-organisation-fuer-humanitaere-hilfe\" target=\"_blank\" rel=\"noopener noreferrer\">www.osgs.at\/hand-in-hand-organisation-fuer-humanitaere-hilfe<\/a><\/p><p><strong>Certificate of Donation beneficiary SO 1407<\/strong><\/p><p><strong>President\u00a0<\/strong>Peter van Breukelen (address as mentioned above)<\/p><p><strong>Responsible for the content and privacy policy:\u00a0<\/strong>business manager Ursula Schmidtke (address as mentioned above)<\/p><p><strong>Responsible for the use of donations<\/strong>: treasurer Annemarie Ackerl (address as mentioned above)<\/p><p><strong>Contents and graphics on this website<\/strong>\u00a0are protected by copyright, all rights are therefore reserved. The data supplied on this website has been produced to the best of our knowledge and belief, and carefully checked for their correctness. We do not take responsibility for the content of any website linked to us. These are beyond our control and not part of our website. The links are only created for further advice and information.<\/p><p><strong>Creation of the website in cooperation with Hand in Hand:\u00a0<\/strong>Alexander Brandl von\u00a0<a href=\"http:\/\/www.colors4life.de\/\" target=\"_blank\" rel=\"noopener noreferrer\">colors4life - web, grafik + print, event-fotografie<\/a><\/p><p><strong>Purpose of the Association,<\/strong>\u00a0please see the Hand in Hand bylaws ->\u00a0<a title=\"Statuten - Hand in Hand\" href=\"https:\/\/handinhand.at\/images\/HIH-Statuten_2021.pdf\" target=\"_blank\" rel=\"noopener noreferrer\">HiH Statuten 2021.pdf<\/a><\/p>[\/et_pb_text][\/et_pb_column][\/et_pb_row][\/et_pb_section]","_et_gb_content_width":"","footnotes":""},"yoast_head":"<!-- This site is optimized with the Yoast SEO plugin v22.1 - https:\/\/yoast.com\/wordpress\/plugins\/seo\/ -->\n<title>Imprint - Hand in Hand<\/title>\n<meta name=\"robots\" content=\"index, follow, max-snippet:-1, max-image-preview:large, max-video-preview:-1\" \/>\n<link rel=\"canonical\" href=\"https:\/\/handinhand.at\/de\/impressum\/\" \/>\n<meta property=\"og:locale\" content=\"de_DE\" \/>\n<meta property=\"og:type\" content=\"article\" \/>\n<meta property=\"og:title\" content=\"Imprint - Hand in Hand\" \/>\n<meta property=\"og:description\" content=\"Impressum Hand in Hand,\u00a0Organisation f\u00fcr Humanit\u00e4re Hilfe1120 Wien, Pohlgasse 10\/4\/7\u00d6sterreich Tel: +43 (0) 650 7026050Email:\u00a0info@handinhand.atInternet:\u00a0www.handinhand.at Vereinszweck\u00a0siehe Statuten von Hand in Hand -&gt;\u00a0HiH Statuten 2024.pdf Aufsichtsbeh\u00f6rde:\u00a0Landespolizeidirektion Wien \u2013 Referat Vereins-, Versammlungs- und Medienrechtsangelegenheiten; Bundesministerium f\u00fcr Inneres Zentrales Vereinsregister ZVR-Zahl 622986022 Berechtigung, das \u00d6sterreichische Spendeng\u00fctesiegel zu f\u00fchren 05169seit 10.12.2003, wird j\u00e4hrlich gepr\u00fcft und zertifiziert\u00a0www.osgs.at\/hand-in-hand-organisation-fuer-humanitaere-hilfe Spendenbeg\u00fcnstigungsbescheid SO 1407 [&hellip;]\" \/>\n<meta property=\"og:url\" content=\"https:\/\/handinhand.at\/de\/impressum\/\" \/>\n<meta property=\"og:site_name\" content=\"Hand in Hand\" \/>\n<meta property=\"article:modified_time\" content=\"2024-10-18T12:28:01+00:00\" \/>\n<meta name=\"twitter:card\" content=\"summary_large_image\" \/>\n<meta name=\"twitter:label1\" content=\"Gesch\u00e4tzte Lesezeit\" \/>\n\t<meta name=\"twitter:data1\" content=\"2 Minuten\" \/>\n<script type=\"application\/ld+json\" class=\"yoast-schema-graph\">{\"@context\":\"https:\/\/schema.org\",\"@graph\":[{\"@type\":\"WebPage\",\"@id\":\"https:\/\/handinhand.at\/de\/impressum\/\",\"url\":\"https:\/\/handinhand.at\/de\/impressum\/\",\"name\":\"Imprint - Hand in Hand\",\"isPartOf\":{\"@id\":\"https:\/\/handinhand.at\/de\/#website\"},\"datePublished\":\"2023-01-09T15:53:37+00:00\",\"dateModified\":\"2024-10-18T12:28:01+00:00\",\"breadcrumb\":{\"@id\":\"https:\/\/handinhand.at\/de\/impressum\/#breadcrumb\"},\"inLanguage\":\"de-DE\",\"potentialAction\":[{\"@type\":\"ReadAction\",\"target\":[\"https:\/\/handinhand.at\/de\/impressum\/\"]}]},{\"@type\":\"BreadcrumbList\",\"@id\":\"https:\/\/handinhand.at\/de\/impressum\/#breadcrumb\",\"itemListElement\":[{\"@type\":\"ListItem\",\"position\":1,\"name\":\"Home\",\"item\":\"https:\/\/handinhand.at\/de\/\"},{\"@type\":\"ListItem\",\"position\":2,\"name\":\"Imprint\"}]},{\"@type\":\"WebSite\",\"@id\":\"https:\/\/handinhand.at\/de\/#website\",\"url\":\"https:\/\/handinhand.at\/de\/\",\"name\":\"Hand in Hand\",\"description\":\"\",\"publisher\":{\"@id\":\"https:\/\/handinhand.at\/de\/#organization\"},\"potentialAction\":[{\"@type\":\"SearchAction\",\"target\":{\"@type\":\"EntryPoint\",\"urlTemplate\":\"https:\/\/handinhand.at\/de\/?s={search_term_string}\"},\"query-input\":\"required name=search_term_string\"}],\"inLanguage\":\"de-DE\"},{\"@type\":\"Organization\",\"@id\":\"https:\/\/handinhand.at\/de\/#organization\",\"name\":\"SheFlore\",\"url\":\"https:\/\/handinhand.at\/de\/\",\"logo\":{\"@type\":\"ImageObject\",\"inLanguage\":\"de-DE\",\"@id\":\"https:\/\/handinhand.at\/de\/#\/schema\/logo\/image\/\",\"url\":\"https:\/\/handinhand.at\/wp-content\/uploads\/2022\/11\/Middel-21@4x.png\",\"contentUrl\":\"https:\/\/handinhand.at\/wp-content\/uploads\/2022\/11\/Middel-21@4x.png\",\"width\":2018,\"height\":608,\"caption\":\"SheFlore\"},\"image\":{\"@id\":\"https:\/\/handinhand.at\/de\/#\/schema\/logo\/image\/\"}}]}<\/script>\n<!-- \/ Yoast SEO plugin. -->","yoast_head_json":{"title":"Imprint - Hand in Hand","robots":{"index":"index","follow":"follow","max-snippet":"max-snippet:-1","max-image-preview":"max-image-preview:large","max-video-preview":"max-video-preview:-1"},"canonical":"https:\/\/handinhand.at\/de\/impressum\/","og_locale":"de_DE","og_type":"article","og_title":"Imprint - Hand in Hand","og_description":"Impressum Hand in Hand,\u00a0Organisation f\u00fcr Humanit\u00e4re Hilfe1120 Wien, Pohlgasse 10\/4\/7\u00d6sterreich Tel: +43 (0) 650 7026050Email:\u00a0info@handinhand.atInternet:\u00a0www.handinhand.at Vereinszweck\u00a0siehe Statuten von Hand in Hand -&gt;\u00a0HiH Statuten 2024.pdf Aufsichtsbeh\u00f6rde:\u00a0Landespolizeidirektion Wien \u2013 Referat Vereins-, Versammlungs- und Medienrechtsangelegenheiten; Bundesministerium f\u00fcr Inneres Zentrales Vereinsregister ZVR-Zahl 622986022 Berechtigung, das \u00d6sterreichische Spendeng\u00fctesiegel zu f\u00fchren 05169seit 10.12.2003, wird j\u00e4hrlich gepr\u00fcft und zertifiziert\u00a0www.osgs.at\/hand-in-hand-organisation-fuer-humanitaere-hilfe Spendenbeg\u00fcnstigungsbescheid SO 1407 [&hellip;]","og_url":"https:\/\/handinhand.at\/de\/impressum\/","og_site_name":"Hand in Hand","article_modified_time":"2024-10-18T12:28:01+00:00","twitter_card":"summary_large_image","twitter_misc":{"Gesch\u00e4tzte Lesezeit":"2 Minuten"},"schema":{"@context":"https:\/\/schema.org","@graph":[{"@type":"WebPage","@id":"https:\/\/handinhand.at\/de\/impressum\/","url":"https:\/\/handinhand.at\/de\/impressum\/","name":"Imprint - Hand in Hand","isPartOf":{"@id":"https:\/\/handinhand.at\/de\/#website"},"datePublished":"2023-01-09T15:53:37+00:00","dateModified":"2024-10-18T12:28:01+00:00","breadcrumb":{"@id":"https:\/\/handinhand.at\/de\/impressum\/#breadcrumb"},"inLanguage":"de-DE","potentialAction":[{"@type":"ReadAction","target":["https:\/\/handinhand.at\/de\/impressum\/"]}]},{"@type":"BreadcrumbList","@id":"https:\/\/handinhand.at\/de\/impressum\/#breadcrumb","itemListElement":[{"@type":"ListItem","position":1,"name":"Home","item":"https:\/\/handinhand.at\/de\/"},{"@type":"ListItem","position":2,"name":"Imprint"}]},{"@type":"WebSite","@id":"https:\/\/handinhand.at\/de\/#website","url":"https:\/\/handinhand.at\/de\/","name":"Hand in Hand","description":"","publisher":{"@id":"https:\/\/handinhand.at\/de\/#organization"},"potentialAction":[{"@type":"SearchAction","target":{"@type":"EntryPoint","urlTemplate":"https:\/\/handinhand.at\/de\/?s={search_term_string}"},"query-input":"required name=search_term_string"}],"inLanguage":"de-DE"},{"@type":"Organization","@id":"https:\/\/handinhand.at\/de\/#organization","name":"SheFlore","url":"https:\/\/handinhand.at\/de\/","logo":{"@type":"ImageObject","inLanguage":"de-DE","@id":"https:\/\/handinhand.at\/de\/#\/schema\/logo\/image\/","url":"https:\/\/handinhand.at\/wp-content\/uploads\/2022\/11\/Middel-21@4x.png","contentUrl":"https:\/\/handinhand.at\/wp-content\/uploads\/2022\/11\/Middel-21@4x.png","width":2018,"height":608,"caption":"SheFlore"},"image":{"@id":"https:\/\/handinhand.at\/de\/#\/schema\/logo\/image\/"}}]}},"_links":{"self":[{"href":"https:\/\/handinhand.at\/de\/wp-json\/wp\/v2\/pages\/11337"}],"collection":[{"href":"https:\/\/handinhand.at\/de\/wp-json\/wp\/v2\/pages"}],"about":[{"href":"https:\/\/handinhand.at\/de\/wp-json\/wp\/v2\/types\/page"}],"author":[{"embeddable":true,"href":"https:\/\/handinhand.at\/de\/wp-json\/wp\/v2\/users\/22"}],"replies":[{"embeddable":true,"href":"https:\/\/handinhand.at\/de\/wp-json\/wp\/v2\/comments?post=11337"}],"version-history":[{"count":7,"href":"https:\/\/handinhand.at\/de\/wp-json\/wp\/v2\/pages\/11337\/revisions"}],"predecessor-version":[{"id":15305,"href":"https:\/\/handinhand.at\/de\/wp-json\/wp\/v2\/pages\/11337\/revisions\/15305"}],"wp:attachment":[{"href":"https:\/\/handinhand.at\/de\/wp-json\/wp\/v2\/media?parent=11337"}],"curies":[{"name":"wp","href":"https:\/\/api.w.org\/{rel}","templated":true}]}}