{"id":10635,"date":"2022-12-15T08:35:12","date_gmt":"2022-12-15T07:35:12","guid":{"rendered":"https:\/\/handinhand.at\/?page_id=10635"},"modified":"2025-12-11T14:25:32","modified_gmt":"2025-12-11T13:25:32","slug":"kontakt","status":"publish","type":"page","link":"https:\/\/handinhand.at\/de\/kontakt\/","title":{"rendered":"Kontakt"},"content":{"rendered":"<p>[et_pb_section fb_built=&#8220;1&#8243; custom_padding_last_edited=&#8220;on|desktop&#8220; module_class=&#8220;flex hih-header&#8220; _builder_version=&#8220;4.19.4&#8243; _module_preset=&#8220;default&#8220; background_color=&#8220;#6A88C4&#8243; background_image=&#8220;https:\/\/handinhand.at\/wp-content\/uploads\/2022\/12\/Kopie-van-Copy-of-_07A0624.jpg&#8220; background_position=&#8220;top_right&#8220; background_vertical_offset=&#8220;24%&#8220; width=&#8220;100%&#8220; max_width=&#8220;100%&#8220; min_height=&#8220;600px&#8220; min_height_tablet=&#8220;&#8220; min_height_phone=&#8220;0px&#8220; min_height_last_edited=&#8220;on|tablet&#8220; custom_margin=&#8220;||||false|false&#8220; custom_padding=&#8220;||||false|false&#8220; custom_padding_tablet=&#8220;0px||||false|false&#8220; custom_padding_phone=&#8220;0px||0px||false|false&#8220; background_last_edited=&#8220;on|desktop&#8220; background_enable_image_tablet=&#8220;off&#8220; background_enable_image_phone=&#8220;off&#8220; saved_tabs=&#8220;all&#8220; global_colors_info=&#8220;{}&#8220;][et_pb_row _builder_version=&#8220;4.19.3&#8243; _module_preset=&#8220;default&#8220; positioning=&#8220;absolute&#8220; vertical_offset=&#8220;75px&#8220; horizontal_offset=&#8220;75px&#8220; vertical_offset_tablet=&#8220;0px&#8220; vertical_offset_phone=&#8220;0px&#8220; vertical_offset_last_edited=&#8220;on|tablet&#8220; horizontal_offset_tablet=&#8220;0px&#8220; horizontal_offset_phone=&#8220;0px&#8220; horizontal_offset_last_edited=&#8220;on|desktop&#8220; position_origin_a_tablet=&#8220;&#8220; position_origin_a_phone=&#8220;&#8220; position_origin_a_last_edited=&#8220;on|desktop&#8220; position_origin_f_tablet=&#8220;&#8220; position_origin_f_phone=&#8220;&#8220; position_origin_f_last_edited=&#8220;on|desktop&#8220; position_origin_r_tablet=&#8220;&#8220; position_origin_r_phone=&#8220;&#8220; position_origin_r_last_edited=&#8220;on|desktop&#8220; width=&#8220;100%&#8220; max_width=&#8220;100px&#8220; max_width_tablet=&#8220;100%&#8220; max_width_phone=&#8220;100%&#8220; max_width_last_edited=&#8220;on|tablet&#8220; custom_margin=&#8220;||||false|false&#8220; custom_margin_tablet=&#8220;|0px||0px|false|true&#8220; custom_margin_phone=&#8220;|0px||0px|false|true&#8220; custom_margin_last_edited=&#8220;on|tablet&#8220; custom_padding=&#8220;0px|0px||0px|false|true&#8220; positioning_tablet=&#8220;relative&#8220; positioning_phone=&#8220;relative&#8220; positioning_last_edited=&#8220;on|desktop&#8220; global_colors_info=&#8220;{}&#8220;][et_pb_column type=&#8220;4_4&#8243; _builder_version=&#8220;4.19.3&#8243; _module_preset=&#8220;default&#8220; global_colors_info=&#8220;{}&#8220;][et_pb_image src=&#8220;https:\/\/handinhand.at\/wp-content\/uploads\/2022\/12\/naamloos-0624.jpg&#8220; title_text=&#8220;naamloos-0624&#8243; force_fullwidth=&#8220;on&#8220; disabled_on=&#8220;off|off|on&#8220; _builder_version=&#8220;4.19.3&#8243; _module_preset=&#8220;default&#8220; global_colors_info=&#8220;{}&#8220;][\/et_pb_image][\/et_pb_column][\/et_pb_row][et_pb_row column_structure=&#8220;1_2,1_2&#8243; custom_padding_last_edited=&#8220;on|tablet&#8220; _builder_version=&#8220;4.24.0&#8243; _module_preset=&#8220;default&#8220; width=&#8220;66%&#8220; max_width=&#8220;1140px&#8220; custom_padding=&#8220;100px||100px||true|false&#8220; custom_padding_tablet=&#8220;0px||0px||true|false&#8220; custom_padding_phone=&#8220;&#8220; global_colors_info=&#8220;{}&#8220;][et_pb_column type=&#8220;1_2&#8243; _builder_version=&#8220;4.18.0&#8243; _module_preset=&#8220;default&#8220; global_colors_info=&#8220;{}&#8220;][et_pb_text _builder_version=&#8220;4.21.0&#8243; _module_preset=&#8220;default&#8220; text_font=&#8220;||||||||&#8220; text_font_size=&#8220;20px&#8220; transform_rotate=&#8220;0deg|0deg|355deg&#8220; background_layout=&#8220;dark&#8220; custom_margin=&#8220;||||false|false&#8220; text_orientation_tablet=&#8220;center&#8220; text_orientation_phone=&#8220;center&#8220; text_orientation_last_edited=&#8220;on|tablet&#8220; header_text_shadow_style=&#8220;preset3&#8243; global_colors_info=&#8220;{}&#8220;]<\/p>\n<h1><span style=\"font-family: Manus Smooth_TRIAL;\"><span style=\"font-size: 80px; font-weight: 500;\">Kontakt<\/span><\/span><\/h1>\n<p>[\/et_pb_text][\/et_pb_column][et_pb_column type=&#8220;1_2&#8243; _builder_version=&#8220;4.18.0&#8243; _module_preset=&#8220;default&#8220; global_colors_info=&#8220;{}&#8220;][\/et_pb_column][\/et_pb_row][\/et_pb_section][et_pb_section fb_built=&#8220;1&#8243; module_class=&#8220;hih-quote&#8220; _builder_version=&#8220;4.19.3&#8243; _module_preset=&#8220;default&#8220; global_colors_info=&#8220;{}&#8220;][et_pb_row _builder_version=&#8220;4.19.3&#8243; _module_preset=&#8220;default&#8220; module_alignment=&#8220;center&#8220; custom_padding=&#8220;||0px|||&#8220; global_colors_info=&#8220;{}&#8220;][et_pb_column type=&#8220;4_4&#8243; _builder_version=&#8220;4.18.0&#8243; _module_preset=&#8220;default&#8220; global_colors_info=&#8220;{}&#8220;][et_pb_text _builder_version=&#8220;4.21.0&#8243; _module_preset=&#8220;default&#8220; text_font=&#8220;||||||||&#8220; text_text_color=&#8220;#6A88C4&#8243; header_text_align=&#8220;right&#8220; header_text_color=&#8220;#6A88C4&#8243; header_2_text_color=&#8220;#F7A824&#8243; header_2_line_height=&#8220;1.5em&#8220; header_5_font=&#8220;||on||||||&#8220; header_5_font_size=&#8220;15px&#8220; background_color=&#8220;#FFFFFF&#8220; custom_margin=&#8220;||||false|false&#8220; custom_margin_tablet=&#8220;||0px||false|false&#8220; custom_margin_phone=&#8220;&#8220; custom_margin_last_edited=&#8220;on|tablet&#8220; text_orientation_tablet=&#8220;center&#8220; text_orientation_phone=&#8220;&#8220; text_orientation_last_edited=&#8220;on|tablet&#8220; global_colors_info=&#8220;{}&#8220;]<\/p>\n<h2><em>Es gibt keinen Schl\u00fcssel zum Gl\u00fcck.<\/em><\/h2>\n<p>[\/et_pb_text][et_pb_text _builder_version=&#8220;4.21.0&#8243; _module_preset=&#8220;default&#8220; text_font=&#8220;||||||||&#8220; text_text_color=&#8220;#6A88C4&#8243; header_font=&#8220;Abel||||||||&#8220; header_text_align=&#8220;right&#8220; header_text_color=&#8220;#6A88C4&#8243; header_2_text_color=&#8220;#F7A824&#8243; header_2_line_height=&#8220;1.5em&#8220; header_5_font=&#8220;||on||||||&#8220; header_5_font_size=&#8220;15px&#8220; background_color=&#8220;#FFFFFF&#8220; text_orientation=&#8220;right&#8220; custom_margin=&#8220;||||false|false&#8220; custom_margin_tablet=&#8220;||0px||false|false&#8220; custom_margin_phone=&#8220;&#8220; custom_margin_last_edited=&#8220;on|tablet&#8220; text_orientation_tablet=&#8220;center&#8220; text_orientation_phone=&#8220;&#8220; text_orientation_last_edited=&#8220;on|tablet&#8220; global_colors_info=&#8220;{}&#8220;]<\/p>\n<h2><em>Die T\u00fcr steht immer offen.<\/em><\/h2>\n<p>[\/et_pb_text][et_pb_text _builder_version=&#8220;4.19.3&#8243; _module_preset=&#8220;default&#8220; text_text_color=&#8220;#F7A824&#8243; header_5_font=&#8220;||||||||&#8220; text_orientation=&#8220;right&#8220; global_colors_info=&#8220;{}&#8220;]\u2013 Mother Teresa<br \/>\n[\/et_pb_text][\/et_pb_column][\/et_pb_row][\/et_pb_section][et_pb_section fb_built=&#8220;1&#8243; _builder_version=&#8220;4.19.3&#8243; _module_preset=&#8220;default&#8220; use_background_color_gradient=&#8220;on&#8220; background_color_gradient_stops=&#8220;#ffe9c0 0%|#ffffff 100%&#8220; custom_padding=&#8220;||||false|false&#8220; global_colors_info=&#8220;{}&#8220;][et_pb_row column_structure=&#8220;1_2,1_2&#8243; _builder_version=&#8220;4.19.3&#8243; _module_preset=&#8220;default&#8220; global_colors_info=&#8220;{}&#8220;][et_pb_column type=&#8220;1_2&#8243; _builder_version=&#8220;4.19.3&#8243; _module_preset=&#8220;default&#8220; global_colors_info=&#8220;{}&#8220;][et_pb_text _builder_version=&#8220;4.21.0&#8243; _module_preset=&#8220;default&#8220; global_colors_info=&#8220;{}&#8220;]<\/p>\n<div>\n<h3>Kontaktieren Sie uns<\/h3>\n<\/div>\n<div>\n<p>Schreiben Sie uns einfach eine Email <br \/>oder rufen Sie uns gerne direkt an.<\/p>\n<p><strong>Telefon:<\/strong> +43 650 7026050<\/p>\n<p><strong>E-Mail:<\/strong> <a href=\"mailto:info@handinhand.at\">info@handinhand.at<\/a><\/p>\n<\/div>\n<p>[\/et_pb_text][et_pb_image src=&#8220;https:\/\/handinhand.at\/wp-content\/uploads\/2022\/12\/Copy-of-_07A0781-1.jpg&#8220; title_text=&#8220;Copy of _07A0781 (1)&#8220; _builder_version=&#8220;4.19.3&#8243; _module_preset=&#8220;default&#8220; width=&#8220;70%&#8220; module_alignment=&#8220;center&#8220; border_radii=&#8220;on|50%|50%|50%|50%&#8220; global_colors_info=&#8220;{}&#8220;][\/et_pb_image][\/et_pb_column][et_pb_column type=&#8220;1_2&#8243; _builder_version=&#8220;4.19.3&#8243; _module_preset=&#8220;default&#8220; global_colors_info=&#8220;{}&#8220;][et_pb_text _builder_version=&#8220;4.19.4&#8243; _module_preset=&#8220;default&#8220; global_colors_info=&#8220;{}&#8220; disabled_on=&#8220;on|on|on&#8220; disabled=&#8220;on&#8220;]\n<div class=\"wpcf7 no-js\" id=\"wpcf7-f11265-o1\" lang=\"de-DE\" dir=\"ltr\">\n<div class=\"screen-reader-response\"><p role=\"status\" aria-live=\"polite\" aria-atomic=\"true\"><\/p> <ul><\/ul><\/div>\n<form action=\"\/de\/wp-json\/wp\/v2\/pages\/10635#wpcf7-f11265-o1\" method=\"post\" class=\"wpcf7-form init\" aria-label=\"Kontaktformular\" novalidate=\"novalidate\" data-status=\"init\">\n<div style=\"display: none;\">\n<input type=\"hidden\" name=\"_wpcf7\" value=\"11265\" \/>\n<input type=\"hidden\" name=\"_wpcf7_version\" value=\"5.9.3\" \/>\n<input type=\"hidden\" name=\"_wpcf7_locale\" value=\"de_DE\" \/>\n<input type=\"hidden\" name=\"_wpcf7_unit_tag\" value=\"wpcf7-f11265-o1\" \/>\n<input type=\"hidden\" name=\"_wpcf7_container_post\" value=\"0\" \/>\n<input type=\"hidden\" name=\"_wpcf7_posted_data_hash\" value=\"\" \/>\n<\/div>\n<p><span class=\"wpcf7-form-control-wrap\" data-name=\"your-name\"><input size=\"40\" class=\"wpcf7-form-control wpcf7-text wpcf7-validates-as-required\" aria-required=\"true\" aria-invalid=\"false\" placeholder=\"Vor-und Nachname\" value=\"\" type=\"text\" name=\"your-name\" \/><\/span><br \/>\n<span class=\"wpcf7-form-control-wrap\" data-name=\"your-email\"><input size=\"40\" class=\"wpcf7-form-control wpcf7-email wpcf7-validates-as-required wpcf7-text wpcf7-validates-as-email\" aria-required=\"true\" aria-invalid=\"false\" placeholder=\"E-mail\" value=\"\" type=\"email\" name=\"your-email\" \/><\/span><br \/>\n<span class=\"wpcf7-form-control-wrap\" data-name=\"your-message\"><textarea cols=\"40\" rows=\"10\" class=\"wpcf7-form-control wpcf7-textarea\" aria-invalid=\"false\" placeholder=\"Nachricht\" name=\"your-message\"><\/textarea><\/span><br \/>\n<input class=\"wpcf7-form-control wpcf7-submit has-spinner et_pb_contact_submit et_pb_button\" type=\"submit\" value=\"Kontaktieren Sie uns\" \/>\n<\/p><div class=\"wpcf7-response-output\" aria-hidden=\"true\"><\/div>\n<\/form>\n<\/div>\n<br \/>\n[\/et_pb_text][\/et_pb_column][\/et_pb_row][\/et_pb_section]<\/p>\n","protected":false},"excerpt":{"rendered":"<p>KontaktEs gibt keinen Schl\u00fcssel zum Gl\u00fcck.Die T\u00fcr steht immer offen.\u2013 Mother Teresa Kontaktieren Sie uns Schreiben Sie uns einfach eine Email oder rufen Sie uns gerne direkt an. Telefon: +43 650 7026050 E-Mail: info@handinhand.at \n<div class=\"wpcf7 no-js\" id=\"wpcf7-f11265-o2\" lang=\"de-DE\" dir=\"ltr\">\n<div class=\"screen-reader-response\"><p role=\"status\" aria-live=\"polite\" aria-atomic=\"true\"><\/p> <ul><\/ul><\/div>\n<form action=\"\/de\/wp-json\/wp\/v2\/pages\/10635#wpcf7-f11265-o2\" method=\"post\" class=\"wpcf7-form init\" aria-label=\"Kontaktformular\" novalidate=\"novalidate\" data-status=\"init\">\n<div style=\"display: none;\">\n<input type=\"hidden\" name=\"_wpcf7\" value=\"11265\" \/>\n<input type=\"hidden\" name=\"_wpcf7_version\" value=\"5.9.3\" \/>\n<input type=\"hidden\" name=\"_wpcf7_locale\" value=\"de_DE\" \/>\n<input type=\"hidden\" name=\"_wpcf7_unit_tag\" value=\"wpcf7-f11265-o2\" \/>\n<input type=\"hidden\" name=\"_wpcf7_container_post\" value=\"0\" \/>\n<input type=\"hidden\" name=\"_wpcf7_posted_data_hash\" value=\"\" \/>\n<\/div>\n<p><span class=\"wpcf7-form-control-wrap\" data-name=\"your-name\"><input size=\"40\" class=\"wpcf7-form-control wpcf7-text wpcf7-validates-as-required\" aria-required=\"true\" aria-invalid=\"false\" placeholder=\"Vor-und Nachname\" value=\"\" type=\"text\" name=\"your-name\" \/><\/span><br \/>\n<span class=\"wpcf7-form-control-wrap\" data-name=\"your-email\"><input size=\"40\" class=\"wpcf7-form-control wpcf7-email wpcf7-validates-as-required wpcf7-text wpcf7-validates-as-email\" aria-required=\"true\" aria-invalid=\"false\" placeholder=\"E-mail\" value=\"\" type=\"email\" name=\"your-email\" \/><\/span><br \/>\n<span class=\"wpcf7-form-control-wrap\" data-name=\"your-message\"><textarea cols=\"40\" rows=\"10\" class=\"wpcf7-form-control wpcf7-textarea\" aria-invalid=\"false\" placeholder=\"Nachricht\" name=\"your-message\"><\/textarea><\/span><br \/>\n<input class=\"wpcf7-form-control wpcf7-submit has-spinner et_pb_contact_submit et_pb_button\" type=\"submit\" value=\"Kontaktieren Sie uns\" \/>\n<\/p><div class=\"wpcf7-response-output\" aria-hidden=\"true\"><\/div>\n<\/form>\n<\/div>\n<\/p>\n","protected":false},"author":22,"featured_media":0,"parent":0,"menu_order":9,"comment_status":"closed","ping_status":"closed","template":"","meta":{"_et_pb_use_builder":"on","_et_pb_old_content":"<p>[et_pb_section fb_built=\"1\" custom_padding_last_edited=\"on|desktop\" module_class=\"flex hih-header\" _builder_version=\"4.19.4\" _module_preset=\"default\" background_color=\"#6A88C4\" background_image=\"https:\/\/handinhand.at\/wp-content\/uploads\/2022\/12\/Kopie-van-Copy-of-_07A0624.jpg\" background_position=\"top_right\" background_vertical_offset=\"24%\" width=\"100%\" max_width=\"100%\" min_height=\"600px\" min_height_tablet=\"\" min_height_phone=\"0px\" min_height_last_edited=\"on|tablet\" custom_margin=\"||||false|false\" custom_padding=\"||||false|false\" custom_padding_tablet=\"0px||||false|false\" custom_padding_phone=\"0px||0px||false|false\" background_last_edited=\"on|desktop\" background_enable_image_tablet=\"off\" background_enable_image_phone=\"off\" saved_tabs=\"all\" global_colors_info=\"{}\"][et_pb_row _builder_version=\"4.19.3\" _module_preset=\"default\" positioning=\"absolute\" vertical_offset=\"75px\" horizontal_offset=\"75px\" vertical_offset_tablet=\"0px\" vertical_offset_phone=\"0px\" vertical_offset_last_edited=\"on|tablet\" horizontal_offset_tablet=\"0px\" horizontal_offset_phone=\"0px\" horizontal_offset_last_edited=\"on|desktop\" position_origin_a_tablet=\"\" position_origin_a_phone=\"\" position_origin_a_last_edited=\"on|desktop\" position_origin_f_tablet=\"\" position_origin_f_phone=\"\" position_origin_f_last_edited=\"on|desktop\" position_origin_r_tablet=\"\" position_origin_r_phone=\"\" position_origin_r_last_edited=\"on|desktop\" width=\"100%\" max_width=\"100px\" max_width_tablet=\"100%\" max_width_phone=\"100%\" max_width_last_edited=\"on|tablet\" custom_margin=\"||||false|false\" custom_margin_tablet=\"|0px||0px|false|true\" custom_margin_phone=\"|0px||0px|false|true\" custom_margin_last_edited=\"on|tablet\" custom_padding=\"0px|0px||0px|false|true\" positioning_tablet=\"relative\" positioning_phone=\"relative\" positioning_last_edited=\"on|desktop\" global_colors_info=\"{}\"][et_pb_column type=\"4_4\" _builder_version=\"4.19.3\" _module_preset=\"default\" global_colors_info=\"{}\"][et_pb_image src=\"https:\/\/handinhand.at\/wp-content\/uploads\/2022\/12\/naamloos-0624.jpg\" title_text=\"naamloos-0624\" force_fullwidth=\"on\" disabled_on=\"off|off|on\" _builder_version=\"4.19.3\" _module_preset=\"default\" global_colors_info=\"{}\"][\/et_pb_image][\/et_pb_column][\/et_pb_row][et_pb_row column_structure=\"1_2,1_2\" custom_padding_last_edited=\"on|tablet\" _builder_version=\"4.19.3\" _module_preset=\"default\" width=\"82%\" max_width=\"1109px\" custom_padding=\"100px||100px||true|false\" custom_padding_tablet=\"0px||0px||true|false\" custom_padding_phone=\"\" global_colors_info=\"{}\"][et_pb_column type=\"1_2\" _builder_version=\"4.18.0\" _module_preset=\"default\" global_colors_info=\"{}\"][et_pb_text _builder_version=\"4.19.3\" _module_preset=\"default\" text_font=\"||||||||\" text_font_size=\"20px\" transform_rotate=\"0deg|0deg|355deg\" background_layout=\"dark\" custom_margin=\"||||false|false\" text_orientation_tablet=\"center\" text_orientation_phone=\"center\" text_orientation_last_edited=\"on|tablet\" header_text_shadow_style=\"preset3\" global_colors_info=\"{}\"]<\/p><h1><span style=\"font-family: Manus Smooth_TRIAL;\"><span style=\"font-size: 80px; font-weight: 500;\">Contact<\/span><\/span><\/h1><p>[\/et_pb_text][\/et_pb_column][et_pb_column type=\"1_2\" _builder_version=\"4.18.0\" _module_preset=\"default\" global_colors_info=\"{}\"][\/et_pb_column][\/et_pb_row][\/et_pb_section][et_pb_section fb_built=\"1\" module_class=\"hih-quote\" _builder_version=\"4.19.3\" _module_preset=\"default\" global_colors_info=\"{}\"][et_pb_row _builder_version=\"4.19.3\" _module_preset=\"default\" module_alignment=\"center\" custom_padding=\"||0px|||\" global_colors_info=\"{}\"][et_pb_column type=\"4_4\" _builder_version=\"4.18.0\" _module_preset=\"default\" global_colors_info=\"{}\"][et_pb_text _builder_version=\"4.19.3\" _module_preset=\"default\" text_font=\"||||||||\" text_text_color=\"#6A88C4\" header_text_align=\"right\" header_text_color=\"#6A88C4\" header_2_text_color=\"#F7A824\" header_2_line_height=\"1.5em\" header_5_font=\"||on||||||\" header_5_font_size=\"15px\" background_color=\"#FFFFFF\" custom_margin=\"||||false|false\" custom_margin_tablet=\"||0px||false|false\" custom_margin_phone=\"\" custom_margin_last_edited=\"on|tablet\" text_orientation_tablet=\"center\" text_orientation_phone=\"\" text_orientation_last_edited=\"on|tablet\" global_colors_info=\"{}\"]<\/p><h2><em>There is no key to happiness;<\/em><\/h2><p>[\/et_pb_text][et_pb_text _builder_version=\"4.19.3\" _module_preset=\"default\" text_font=\"||||||||\" text_text_color=\"#6A88C4\" header_font=\"Abel||||||||\" header_text_align=\"right\" header_text_color=\"#6A88C4\" header_2_text_color=\"#F7A824\" header_2_line_height=\"1.5em\" header_5_font=\"||on||||||\" header_5_font_size=\"15px\" background_color=\"#FFFFFF\" text_orientation=\"center\" custom_margin=\"||||false|false\" custom_margin_tablet=\"||0px||false|false\" custom_margin_phone=\"\" custom_margin_last_edited=\"on|tablet\" global_colors_info=\"{}\"]<\/p><h2><em>the door is always open.<\/em><\/h2><p>[\/et_pb_text][et_pb_text _builder_version=\"4.19.3\" _module_preset=\"default\" text_text_color=\"#F7A824\" header_5_font=\"||||||||\" text_orientation=\"right\" global_colors_info=\"{}\"]<\/p><p>\u2013 Mother Teresa<\/p><p>[\/et_pb_text][\/et_pb_column][\/et_pb_row][\/et_pb_section][et_pb_section fb_built=\"1\" _builder_version=\"4.19.3\" _module_preset=\"default\" use_background_color_gradient=\"on\" background_color_gradient_stops=\"#ffe9c0 0%|#ffffff 100%\" custom_padding=\"||||false|false\" global_colors_info=\"{}\"][et_pb_row column_structure=\"1_2,1_2\" _builder_version=\"4.19.3\" _module_preset=\"default\" global_colors_info=\"{}\"][et_pb_column type=\"1_2\" _builder_version=\"4.19.3\" _module_preset=\"default\" global_colors_info=\"{}\"][et_pb_text _builder_version=\"4.19.4\" _module_preset=\"default\" global_colors_info=\"{}\"]<\/p><div><h3>CONTACT\u00a0US<\/h3><\/div><div><div><p>Write us an email or contact us directly at the following number:<\/p><p>Phone: +43 650 7026050<\/p><p>E-Mail: <a href=\"mailto:info@handinhand.at\">info@handinhand.at<\/a><\/p><\/div><\/div><p>[\/et_pb_text][et_pb_image src=\"https:\/\/handinhand.at\/wp-content\/uploads\/2022\/12\/Copy-of-_07A0781-1.jpg\" title_text=\"Copy of _07A0781 (1)\" _builder_version=\"4.19.3\" _module_preset=\"default\" width=\"70%\" module_alignment=\"center\" border_radii=\"on|50%|50%|50%|50%\" global_colors_info=\"{}\"][\/et_pb_image][\/et_pb_column][et_pb_column type=\"1_2\" _builder_version=\"4.19.3\" _module_preset=\"default\" global_colors_info=\"{}\"][et_pb_text _builder_version=\"4.19.4\" _module_preset=\"default\" global_colors_info=\"{}\"]<\/p><p>[contact-form-7 id=\"1402\" title=\"Contactform\"]<\/p><p>[\/et_pb_text][\/et_pb_column][\/et_pb_row][\/et_pb_section]<\/p>","_et_gb_content_width":"","footnotes":""},"yoast_head":"<!-- This site is optimized with the Yoast SEO plugin v22.1 - https:\/\/yoast.com\/wordpress\/plugins\/seo\/ -->\n<title>Kontakt - Hand in Hand<\/title>\n<meta name=\"robots\" content=\"index, follow, max-snippet:-1, max-image-preview:large, max-video-preview:-1\" \/>\n<link rel=\"canonical\" href=\"https:\/\/handinhand.at\/de\/kontakt\/\" \/>\n<meta property=\"og:locale\" content=\"de_DE\" \/>\n<meta property=\"og:type\" content=\"article\" \/>\n<meta property=\"og:title\" content=\"Kontakt - Hand in Hand\" \/>\n<meta property=\"og:description\" content=\"KontaktEs gibt keinen Schl\u00fcssel zum Gl\u00fcck.Die T\u00fcr steht immer offen.\u2013 Mother Teresa Kontaktieren Sie uns Schreiben Sie uns einfach eine Email oder rufen Sie uns gerne direkt an. Telefon: +43 650 7026050 E-Mail: info@handinhand.at\" \/>\n<meta property=\"og:url\" content=\"https:\/\/handinhand.at\/de\/kontakt\/\" \/>\n<meta property=\"og:site_name\" content=\"Hand in Hand\" \/>\n<meta property=\"article:modified_time\" content=\"2025-12-11T13:25:32+00:00\" \/>\n<meta name=\"twitter:card\" content=\"summary_large_image\" \/>\n<meta name=\"twitter:label1\" content=\"Gesch\u00e4tzte Lesezeit\" \/>\n\t<meta name=\"twitter:data1\" content=\"2 Minuten\" \/>\n<script type=\"application\/ld+json\" class=\"yoast-schema-graph\">{\"@context\":\"https:\/\/schema.org\",\"@graph\":[{\"@type\":\"WebPage\",\"@id\":\"https:\/\/handinhand.at\/de\/kontakt\/\",\"url\":\"https:\/\/handinhand.at\/de\/kontakt\/\",\"name\":\"Kontakt - Hand in Hand\",\"isPartOf\":{\"@id\":\"https:\/\/handinhand.at\/de\/#website\"},\"datePublished\":\"2022-12-15T07:35:12+00:00\",\"dateModified\":\"2025-12-11T13:25:32+00:00\",\"breadcrumb\":{\"@id\":\"https:\/\/handinhand.at\/de\/kontakt\/#breadcrumb\"},\"inLanguage\":\"de-DE\",\"potentialAction\":[{\"@type\":\"ReadAction\",\"target\":[\"https:\/\/handinhand.at\/de\/kontakt\/\"]}]},{\"@type\":\"BreadcrumbList\",\"@id\":\"https:\/\/handinhand.at\/de\/kontakt\/#breadcrumb\",\"itemListElement\":[{\"@type\":\"ListItem\",\"position\":1,\"name\":\"Home\",\"item\":\"https:\/\/handinhand.at\/de\/\"},{\"@type\":\"ListItem\",\"position\":2,\"name\":\"Kontakt\"}]},{\"@type\":\"WebSite\",\"@id\":\"https:\/\/handinhand.at\/de\/#website\",\"url\":\"https:\/\/handinhand.at\/de\/\",\"name\":\"Hand in Hand\",\"description\":\"\",\"publisher\":{\"@id\":\"https:\/\/handinhand.at\/de\/#organization\"},\"potentialAction\":[{\"@type\":\"SearchAction\",\"target\":{\"@type\":\"EntryPoint\",\"urlTemplate\":\"https:\/\/handinhand.at\/de\/?s={search_term_string}\"},\"query-input\":\"required name=search_term_string\"}],\"inLanguage\":\"de-DE\"},{\"@type\":\"Organization\",\"@id\":\"https:\/\/handinhand.at\/de\/#organization\",\"name\":\"SheFlore\",\"url\":\"https:\/\/handinhand.at\/de\/\",\"logo\":{\"@type\":\"ImageObject\",\"inLanguage\":\"de-DE\",\"@id\":\"https:\/\/handinhand.at\/de\/#\/schema\/logo\/image\/\",\"url\":\"https:\/\/handinhand.at\/wp-content\/uploads\/2022\/11\/Middel-21@4x.png\",\"contentUrl\":\"https:\/\/handinhand.at\/wp-content\/uploads\/2022\/11\/Middel-21@4x.png\",\"width\":2018,\"height\":608,\"caption\":\"SheFlore\"},\"image\":{\"@id\":\"https:\/\/handinhand.at\/de\/#\/schema\/logo\/image\/\"}}]}<\/script>\n<!-- \/ Yoast SEO plugin. -->","yoast_head_json":{"title":"Kontakt - Hand in Hand","robots":{"index":"index","follow":"follow","max-snippet":"max-snippet:-1","max-image-preview":"max-image-preview:large","max-video-preview":"max-video-preview:-1"},"canonical":"https:\/\/handinhand.at\/de\/kontakt\/","og_locale":"de_DE","og_type":"article","og_title":"Kontakt - Hand in Hand","og_description":"KontaktEs gibt keinen Schl\u00fcssel zum Gl\u00fcck.Die T\u00fcr steht immer offen.\u2013 Mother Teresa Kontaktieren Sie uns Schreiben Sie uns einfach eine Email oder rufen Sie uns gerne direkt an. Telefon: +43 650 7026050 E-Mail: info@handinhand.at","og_url":"https:\/\/handinhand.at\/de\/kontakt\/","og_site_name":"Hand in Hand","article_modified_time":"2025-12-11T13:25:32+00:00","twitter_card":"summary_large_image","twitter_misc":{"Gesch\u00e4tzte Lesezeit":"2 Minuten"},"schema":{"@context":"https:\/\/schema.org","@graph":[{"@type":"WebPage","@id":"https:\/\/handinhand.at\/de\/kontakt\/","url":"https:\/\/handinhand.at\/de\/kontakt\/","name":"Kontakt - Hand in Hand","isPartOf":{"@id":"https:\/\/handinhand.at\/de\/#website"},"datePublished":"2022-12-15T07:35:12+00:00","dateModified":"2025-12-11T13:25:32+00:00","breadcrumb":{"@id":"https:\/\/handinhand.at\/de\/kontakt\/#breadcrumb"},"inLanguage":"de-DE","potentialAction":[{"@type":"ReadAction","target":["https:\/\/handinhand.at\/de\/kontakt\/"]}]},{"@type":"BreadcrumbList","@id":"https:\/\/handinhand.at\/de\/kontakt\/#breadcrumb","itemListElement":[{"@type":"ListItem","position":1,"name":"Home","item":"https:\/\/handinhand.at\/de\/"},{"@type":"ListItem","position":2,"name":"Kontakt"}]},{"@type":"WebSite","@id":"https:\/\/handinhand.at\/de\/#website","url":"https:\/\/handinhand.at\/de\/","name":"Hand in Hand","description":"","publisher":{"@id":"https:\/\/handinhand.at\/de\/#organization"},"potentialAction":[{"@type":"SearchAction","target":{"@type":"EntryPoint","urlTemplate":"https:\/\/handinhand.at\/de\/?s={search_term_string}"},"query-input":"required name=search_term_string"}],"inLanguage":"de-DE"},{"@type":"Organization","@id":"https:\/\/handinhand.at\/de\/#organization","name":"SheFlore","url":"https:\/\/handinhand.at\/de\/","logo":{"@type":"ImageObject","inLanguage":"de-DE","@id":"https:\/\/handinhand.at\/de\/#\/schema\/logo\/image\/","url":"https:\/\/handinhand.at\/wp-content\/uploads\/2022\/11\/Middel-21@4x.png","contentUrl":"https:\/\/handinhand.at\/wp-content\/uploads\/2022\/11\/Middel-21@4x.png","width":2018,"height":608,"caption":"SheFlore"},"image":{"@id":"https:\/\/handinhand.at\/de\/#\/schema\/logo\/image\/"}}]}},"_links":{"self":[{"href":"https:\/\/handinhand.at\/de\/wp-json\/wp\/v2\/pages\/10635"}],"collection":[{"href":"https:\/\/handinhand.at\/de\/wp-json\/wp\/v2\/pages"}],"about":[{"href":"https:\/\/handinhand.at\/de\/wp-json\/wp\/v2\/types\/page"}],"author":[{"embeddable":true,"href":"https:\/\/handinhand.at\/de\/wp-json\/wp\/v2\/users\/22"}],"replies":[{"embeddable":true,"href":"https:\/\/handinhand.at\/de\/wp-json\/wp\/v2\/comments?post=10635"}],"version-history":[{"count":7,"href":"https:\/\/handinhand.at\/de\/wp-json\/wp\/v2\/pages\/10635\/revisions"}],"predecessor-version":[{"id":15455,"href":"https:\/\/handinhand.at\/de\/wp-json\/wp\/v2\/pages\/10635\/revisions\/15455"}],"wp:attachment":[{"href":"https:\/\/handinhand.at\/de\/wp-json\/wp\/v2\/media?parent=10635"}],"curies":[{"name":"wp","href":"https:\/\/api.w.org\/{rel}","templated":true}]}}